{"id":3158,"date":"2021-06-20T11:03:00","date_gmt":"2021-06-20T09:03:00","guid":{"rendered":"http:\/\/leanculturalconcept.com\/communaute\/rejoindre\/"},"modified":"2022-04-15T09:42:17","modified_gmt":"2022-04-15T07:42:17","slug":"rejoindre","status":"publish","type":"page","link":"https:\/\/leanculturalconcept.com\/fr\/communaute\/rejoindre\/","title":{"rendered":"Rejoindre"},"content":{"rendered":"<p>[et_pb_section fb_built=&#8221;1&#8243; fullwidth=&#8221;on&#8221; _builder_version=&#8221;4.16&#8243; _module_preset=&#8221;default&#8221; global_colors_info=&#8221;{}&#8221;][et_pb_fullwidth_slider show_arrows=&#8221;off&#8221; show_pagination=&#8221;off&#8221; _builder_version=&#8221;4.16&#8243; _module_preset=&#8221;default&#8221; background_color=&#8221;RGBA(0,0,0,0)&#8221; background_image=&#8221;http:\/\/leanculturalconcept.com\/wp-content\/uploads\/2021\/04\/Capture-decran-2021-04-27-164019.gif&#8221; custom_button=&#8221;on&#8221; button_text_color=&#8221;#000000&#8243; button_bg_color=&#8221;#ee164d&#8221; button_border_width=&#8221;-1px&#8221; button_border_color=&#8221;RGBA(0,0,0,0)&#8221; button_use_icon=&#8221;off&#8221; button_alignment=&#8221;left&#8221; button_custom_margin=&#8221;||||false|false&#8221; content_max_width=&#8221;796px&#8221; custom_margin=&#8221;-50px||-2px||false|false&#8221; custom_padding=&#8221;||52px||false|false&#8221; auto=&#8221;on&#8221; auto_speed=&#8221;5000&#8243; auto_ignore_hover=&#8221;on&#8221; hover_transition_duration=&#8221;400ms&#8221; custom_css_slide_description=&#8221;animation-name: none;&#8221; body_text_shadow_style=&#8221;preset3&#8243; global_colors_info=&#8221;{}&#8221;][et_pb_slide heading=&#8221;          Atteindre le plein potentiel du Lean         au del\u00e0 des cultures &#8221; _builder_version=&#8221;4.16&#8243; _module_preset=&#8221;default&#8221; header_text_color=&#8221;rgba(251,252,251,0.9)&#8221; header_font_size=&#8221;34px&#8221; body_font=&#8221;|||on|||||&#8221; body_text_align=&#8221;left&#8221; body_text_color=&#8221;#FBFCFB&#8221; body_font_size=&#8221;33px&#8221; background_color=&#8221;RGBA(0,0,0,0)&#8221; background_enable_color=&#8221;on&#8221; background_image=&#8221;http:\/\/leanculturalconcept.com\/wp-content\/uploads\/2021\/04\/Capture-decran-2021-04-27-164019.gif&#8221; background_enable_image=&#8221;on&#8221; custom_button=&#8221;on&#8221; button_text_color=&#8221;#000000&#8243; width=&#8221;100%&#8221; global_colors_info=&#8221;{}&#8221; sticky_transition=&#8221;on&#8221;]<\/p>\n<p><strong><\/strong><\/p>\n<p><strong>\u00a0 Partager<span style=\"color: #18d;\">.\u00a0 \u00a0 \u00a0 <span style=\"color: #fbfcfb;\">Apprendre<\/span>.\u00a0 \u00a0 \u00a0 <span style=\"color: #fbfcfb;\">Croitre<\/span>.\u00a0 \u00a0 \u00a0\u00a0<\/span><\/strong><\/p>\n<p>[\/et_pb_slide][\/et_pb_fullwidth_slider][\/et_pb_section][et_pb_section fb_built=&#8221;1&#8243; admin_label=&#8221;Features&#8221; _builder_version=&#8221;4.16&#8243; custom_padding=&#8221;1px||0px|||&#8221; global_colors_info=&#8221;{}&#8221;][et_pb_row column_structure=&#8221;1_3,1_3,1_3&#8243; use_custom_gutter=&#8221;on&#8221; gutter_width=&#8221;2&#8243; column_padding_mobile=&#8221;on&#8221; custom_padding_last_edited=&#8221;on|phone&#8221; _builder_version=&#8221;4.16&#8243; background_size=&#8221;initial&#8221; background_position=&#8221;top_left&#8221; background_repeat=&#8221;repeat&#8221; custom_padding=&#8221;27px|0px|27px|0px&#8221; custom_padding_tablet=&#8221;49px|||&#8221; custom_padding_phone=&#8221;19px|||&#8221; global_colors_info=&#8221;{}&#8221;][et_pb_column type=&#8221;1_3&#8243; _builder_version=&#8221;4.16&#8243; custom_padding=&#8221;|||&#8221; global_colors_info=&#8221;{}&#8221; custom_padding__hover=&#8221;|||&#8221;][et_pb_blurb title=&#8221;Publier un article&#8221; image=&#8221;http:\/\/leanculturalconcept.com\/wp-content\/uploads\/2021\/06\/markus-winkler-mC3ob1jzTyc-unsplash-.jpg&#8221; admin_label=&#8221;Service&#8221; _builder_version=&#8221;4.16&#8243; header_font=&#8221;Poppins|600|||||||&#8221; header_text_align=&#8221;center&#8221; header_text_color=&#8221;#486066&#8243; header_font_size=&#8221;18px&#8221; header_line_height=&#8221;1.3em&#8221; body_font=&#8221;Open Sans||||||||&#8221; body_text_align=&#8221;center&#8221; body_text_color=&#8221;#486066&#8243; body_line_height=&#8221;2em&#8221; background_color=&#8221;#ffffff&#8221; min_height=&#8221;282px&#8221; height=&#8221;1000px&#8221; max_height=&#8221;482px&#8221; custom_margin=&#8221;||42px|||&#8221; custom_padding=&#8221;40px|30px|40px|30px&#8221; animation_style=&#8221;fade&#8221; animation=&#8221;off&#8221; hover_enabled=&#8221;0&#8243; border_radii=&#8221;on|6px|6px|6px|6px&#8221; box_shadow_style=&#8221;preset1&#8243; box_shadow_vertical=&#8221;10px&#8221; box_shadow_blur=&#8221;24px&#8221; box_shadow_spread=&#8221;6px&#8221; box_shadow_color=&#8221;rgba(0,0,0,0.06)&#8221; global_colors_info=&#8221;{}&#8221; sticky_enabled=&#8221;0&#8243;]<\/p>\n<p style=\"text-align: center;\">Publiez un article sur le blog.\u00a0 \u00a0 \u00a0 \u00a0 \u00a0 \u00a0 \u00a0 \u00a0 \u00a0 \u00a0 \u00a0Vous souhaitez partager votre expertise et vos exp\u00e9riences en termes de d\u00e9ploiement du Lean au sein de pays sp\u00e9cifiques ou d\u2019\u00e9quipes multiculturelles ?<\/p>\n<p>[\/et_pb_blurb][et_pb_button button_url=&#8221;https:\/\/leanculturalconcept.com\/fr\/contact\/&#8221; button_text=&#8221;Contact&#8221; button_alignment=&#8221;center&#8221; _builder_version=&#8221;4.16&#8243; custom_button=&#8221;on&#8221; button_text_size=&#8221;13px&#8221; button_text_color=&#8221;#0FC79C&#8221; button_bg_color=&#8221;#FBFCFB&#8221; button_border_width=&#8221;2px&#8221; button_border_color=&#8221;#0FC79C&#8221; button_border_radius=&#8221;57px&#8221; button_letter_spacing=&#8221;1px&#8221; button_font=&#8221;|700|||||||&#8221; button_icon=&#8221;&#x3d;||divi||400&#8243; background_layout=&#8221;dark&#8221; custom_margin=&#8221;10px||4px||false|false&#8221; custom_padding=&#8221;9px|34px|9px|34px|true|true&#8221; animation_style=&#8221;zoom&#8221; box_shadow_style=&#8221;preset1&#8243; box_shadow_vertical=&#8221;10px&#8221; box_shadow_blur=&#8221;30px&#8221; box_shadow_color=&#8221;rgba(255,77,84,0.24)&#8221; button_letter_spacing_hover=&#8221;1px&#8221; global_colors_info=&#8221;{}&#8221; button_text_size__hover_enabled=&#8221;off&#8221; button_one_text_size__hover_enabled=&#8221;off&#8221; button_two_text_size__hover_enabled=&#8221;off&#8221; button_text_color__hover_enabled=&#8221;off&#8221; button_one_text_color__hover_enabled=&#8221;off&#8221; button_two_text_color__hover_enabled=&#8221;off&#8221; button_border_width__hover_enabled=&#8221;off&#8221; button_one_border_width__hover_enabled=&#8221;off&#8221; button_two_border_width__hover_enabled=&#8221;off&#8221; button_border_color__hover_enabled=&#8221;off&#8221; button_one_border_color__hover_enabled=&#8221;off&#8221; button_two_border_color__hover_enabled=&#8221;off&#8221; button_border_radius__hover_enabled=&#8221;off&#8221; button_one_border_radius__hover_enabled=&#8221;off&#8221; button_two_border_radius__hover_enabled=&#8221;off&#8221; button_letter_spacing__hover_enabled=&#8221;on&#8221; button_letter_spacing__hover=&#8221;1px&#8221; button_one_letter_spacing__hover_enabled=&#8221;off&#8221; button_two_letter_spacing__hover_enabled=&#8221;off&#8221; button_bg_color__hover_enabled=&#8221;off&#8221; button_one_bg_color__hover_enabled=&#8221;off&#8221; button_two_bg_color__hover_enabled=&#8221;off&#8221;][\/et_pb_button][\/et_pb_column][et_pb_column type=&#8221;1_3&#8243; _builder_version=&#8221;4.16&#8243; custom_padding=&#8221;|||&#8221; global_colors_info=&#8221;{}&#8221; custom_padding__hover=&#8221;|||&#8221;][et_pb_blurb title=&#8221;Rejoindre la communaut\u00e9&#8221; image=&#8221;http:\/\/leanculturalconcept.com\/wp-content\/uploads\/2021\/06\/Share.jpg&#8221; image_icon_width=&#8221;90%&#8221; admin_label=&#8221;Service&#8221; _builder_version=&#8221;4.16&#8243; header_font=&#8221;Poppins|600|||||||&#8221; header_text_align=&#8221;center&#8221; header_text_color=&#8221;#486066&#8243; header_font_size=&#8221;18px&#8221; header_line_height=&#8221;1.3em&#8221; body_font=&#8221;Open Sans||||||||&#8221; body_text_align=&#8221;center&#8221; body_text_color=&#8221;#486066&#8243; body_line_height=&#8221;2em&#8221; background_color=&#8221;#ffffff&#8221; max_height=&#8221;500px&#8221; custom_margin=&#8221;||36px|||&#8221; custom_padding=&#8221;40px|30px|47px|30px||&#8221; animation_style=&#8221;fade&#8221; animation_delay=&#8221;100ms&#8221; animation=&#8221;off&#8221; border_radii=&#8221;on|6px|6px|6px|6px&#8221; box_shadow_style=&#8221;preset1&#8243; box_shadow_vertical=&#8221;10px&#8221; box_shadow_blur=&#8221;24px&#8221; box_shadow_spread=&#8221;6px&#8221; box_shadow_color=&#8221;rgba(0,0,0,0.06)&#8221; image_max_width=&#8221;90%&#8221; global_colors_info=&#8221;{}&#8221;]<\/p>\n<p>\u00a0 \u00a0 \u00a0 \u00a0 \u00a0 \u00a0 Rejoindre <em>Lean &amp; Culture.\u00a0 \u00a0 \u00a0 \u00a0 \u00a0 \u00a0 \u00a0 \u00a0 \u00a0 <\/em>Le groupe vise \u00e0 rassembler des passionn\u00e9s du Lean pour partager leurs questions, exp\u00e9riences et conseils sur les strat\u00e9gies de d\u00e9ploiement multiculturel du Lean.<\/p>\n<p>[\/et_pb_blurb][et_pb_button button_url=&#8221;https:\/\/www.linkedin.com\/groups\/9068421\/&#8221; button_text=&#8221;Linkedin&#8221; button_alignment=&#8221;center&#8221; _builder_version=&#8221;4.16&#8243; custom_button=&#8221;on&#8221; button_text_size=&#8221;13px&#8221; button_text_color=&#8221;#0C71C3&#8243; button_bg_color=&#8221;#FBFCFB&#8221; button_border_width=&#8221;2px&#8221; button_border_color=&#8221;#0C71C3&#8243; button_border_radius=&#8221;57px&#8221; button_letter_spacing=&#8221;1px&#8221; button_font=&#8221;|700|||||||&#8221; button_icon=&#8221;&#x3d;||divi||400&#8243; background_layout=&#8221;dark&#8221; custom_margin=&#8221;10px||4px||false|false&#8221; custom_padding=&#8221;9px|34px|9px|34px|true|true&#8221; animation_style=&#8221;zoom&#8221; box_shadow_style=&#8221;preset1&#8243; box_shadow_vertical=&#8221;10px&#8221; box_shadow_blur=&#8221;30px&#8221; box_shadow_color=&#8221;rgba(255,77,84,0.24)&#8221; button_letter_spacing_hover=&#8221;1px&#8221; global_colors_info=&#8221;{}&#8221; button_text_size__hover_enabled=&#8221;off&#8221; button_one_text_size__hover_enabled=&#8221;off&#8221; button_two_text_size__hover_enabled=&#8221;off&#8221; button_text_color__hover_enabled=&#8221;off&#8221; button_one_text_color__hover_enabled=&#8221;off&#8221; button_two_text_color__hover_enabled=&#8221;off&#8221; button_border_width__hover_enabled=&#8221;off&#8221; button_one_border_width__hover_enabled=&#8221;off&#8221; button_two_border_width__hover_enabled=&#8221;off&#8221; button_border_color__hover_enabled=&#8221;off&#8221; button_one_border_color__hover_enabled=&#8221;off&#8221; button_two_border_color__hover_enabled=&#8221;off&#8221; button_border_radius__hover_enabled=&#8221;off&#8221; button_one_border_radius__hover_enabled=&#8221;off&#8221; button_two_border_radius__hover_enabled=&#8221;off&#8221; button_letter_spacing__hover_enabled=&#8221;on&#8221; button_letter_spacing__hover=&#8221;1px&#8221; button_one_letter_spacing__hover_enabled=&#8221;off&#8221; button_two_letter_spacing__hover_enabled=&#8221;off&#8221; button_bg_color__hover_enabled=&#8221;off&#8221; button_one_bg_color__hover_enabled=&#8221;off&#8221; button_two_bg_color__hover_enabled=&#8221;off&#8221;][\/et_pb_button][\/et_pb_column][et_pb_column type=&#8221;1_3&#8243; _builder_version=&#8221;4.16&#8243; custom_padding=&#8221;|||&#8221; global_colors_info=&#8221;{}&#8221; custom_padding__hover=&#8221;|||&#8221;][et_pb_blurb title=&#8221;Partage des ressources&#8221; image=&#8221;http:\/\/leanculturalconcept.com\/wp-content\/uploads\/2021\/06\/susan-q-yin-2JIvboGLeho-unsplash.jpg&#8221; admin_label=&#8221;Service&#8221; _builder_version=&#8221;4.16&#8243; header_font=&#8221;Poppins|600|||||||&#8221; header_text_align=&#8221;center&#8221; header_text_color=&#8221;#486066&#8243; header_font_size=&#8221;18px&#8221; header_line_height=&#8221;1.3em&#8221; body_font=&#8221;Open Sans||||||||&#8221; body_text_align=&#8221;center&#8221; body_text_color=&#8221;#486066&#8243; body_line_height=&#8221;2em&#8221; background_color=&#8221;#ffffff&#8221; height=&#8221;483px&#8221; custom_margin=&#8221;||31px|||&#8221; custom_padding=&#8221;40px|30px|40px|30px&#8221; animation_style=&#8221;fade&#8221; animation_delay=&#8221;200ms&#8221; animation=&#8221;off&#8221; border_radii=&#8221;on|6px|6px|6px|6px&#8221; box_shadow_style=&#8221;preset1&#8243; box_shadow_vertical=&#8221;10px&#8221; box_shadow_blur=&#8221;24px&#8221; box_shadow_spread=&#8221;6px&#8221; box_shadow_color=&#8221;rgba(0,0,0,0.06)&#8221; global_colors_info=&#8221;{}&#8221;]<\/p>\n<p>Participer \u00e0 notre s\u00e9lection.<\/p>\n<p>Partagez des ouvrages, des vid\u00e9os, des articles ou des \u00e9v\u00e8nements sur Lean &amp; Culture sur la plateforme ouverte de notre section ressources.<\/p>\n<p>[\/et_pb_blurb][et_pb_button button_url=&#8221;https:\/\/leanculturalconcept.com\/fr\/communaute\/ressources\/&#8221; button_text=&#8221;Ressources&#8221; button_alignment=&#8221;center&#8221; _builder_version=&#8221;4.16&#8243; custom_button=&#8221;on&#8221; button_text_size=&#8221;13px&#8221; button_text_color=&#8221;#8300E9&#8243; button_bg_color=&#8221;RGBA(0,0,0,0)&#8221; button_border_width=&#8221;2px&#8221; button_border_color=&#8221;#8300E9&#8243; button_border_radius=&#8221;57px&#8221; button_letter_spacing=&#8221;1px&#8221; button_font=&#8221;|700|||||||&#8221; button_icon=&#8221;&#x3d;||divi||400&#8243; background_layout=&#8221;dark&#8221; custom_margin=&#8221;10px||4px||false|false&#8221; custom_padding=&#8221;9px|34px|9px|34px|true|true&#8221; animation_style=&#8221;zoom&#8221; box_shadow_style=&#8221;preset1&#8243; box_shadow_vertical=&#8221;10px&#8221; box_shadow_blur=&#8221;30px&#8221; box_shadow_color=&#8221;rgba(255,77,84,0.24)&#8221; button_letter_spacing_hover=&#8221;1px&#8221; global_colors_info=&#8221;{}&#8221; button_text_size__hover_enabled=&#8221;off&#8221; button_one_text_size__hover_enabled=&#8221;off&#8221; button_two_text_size__hover_enabled=&#8221;off&#8221; button_text_color__hover_enabled=&#8221;off&#8221; button_one_text_color__hover_enabled=&#8221;off&#8221; button_two_text_color__hover_enabled=&#8221;off&#8221; button_border_width__hover_enabled=&#8221;off&#8221; button_one_border_width__hover_enabled=&#8221;off&#8221; button_two_border_width__hover_enabled=&#8221;off&#8221; button_border_color__hover_enabled=&#8221;off&#8221; button_one_border_color__hover_enabled=&#8221;off&#8221; button_two_border_color__hover_enabled=&#8221;off&#8221; button_border_radius__hover_enabled=&#8221;off&#8221; button_one_border_radius__hover_enabled=&#8221;off&#8221; button_two_border_radius__hover_enabled=&#8221;off&#8221; button_letter_spacing__hover_enabled=&#8221;on&#8221; button_letter_spacing__hover=&#8221;1px&#8221; button_one_letter_spacing__hover_enabled=&#8221;off&#8221; button_two_letter_spacing__hover_enabled=&#8221;off&#8221; button_bg_color__hover_enabled=&#8221;off&#8221; button_one_bg_color__hover_enabled=&#8221;off&#8221; button_two_bg_color__hover_enabled=&#8221;off&#8221;][\/et_pb_button][\/et_pb_column][\/et_pb_row][\/et_pb_section][et_pb_section fb_built=&#8221;1&#8243; fullwidth=&#8221;on&#8221; _builder_version=&#8221;4.16&#8243; _module_preset=&#8221;default&#8221; global_colors_info=&#8221;{}&#8221;][\/et_pb_section]<\/p>\n","protected":false},"excerpt":{"rendered":"<p>\u00a0 Partager.\u00a0 \u00a0 \u00a0 Apprendre.\u00a0 \u00a0 \u00a0 Croitre.\u00a0 \u00a0 \u00a0\u00a0Publiez un article sur le blog.\u00a0 \u00a0 \u00a0 \u00a0 \u00a0 \u00a0 \u00a0 \u00a0 \u00a0 \u00a0 \u00a0Vous souhaitez partager votre expertise et vos exp\u00e9riences en termes de d\u00e9ploiement du Lean au sein de pays sp\u00e9cifiques ou d\u2019\u00e9quipes multiculturelles ?\u00a0 \u00a0 \u00a0 \u00a0 \u00a0 \u00a0 Rejoindre Lean &amp; [&hellip;]<\/p>\n","protected":false},"author":1,"featured_media":2299,"parent":2437,"menu_order":0,"comment_status":"closed","ping_status":"closed","template":"","meta":{"_et_pb_use_builder":"on","_et_pb_old_content":"","_et_gb_content_width":"","footnotes":""},"class_list":["post-3158","page","type-page","status-publish","has-post-thumbnail","hentry"],"yoast_head":"<!-- This site is optimized with the Yoast SEO plugin v27.3 - https:\/\/yoast.com\/product\/yoast-seo-wordpress\/ -->\n<title>Rejoindre - Lean Cultural Concept<\/title>\n<meta name=\"description\" content=\"Rejoignez notre communaut\u00e9. Nous visons \u00e0 promouvoir l&#039;apprentissage continu gr\u00e2ce au partage d&#039;exp\u00e9riences et d&#039;expertises du terrain.\" \/>\n<meta name=\"robots\" content=\"index, follow, max-snippet:-1, max-image-preview:large, max-video-preview:-1\" \/>\n<link rel=\"canonical\" href=\"https:\/\/leanculturalconcept.com\/fr\/communaute\/rejoindre\/\" \/>\n<meta property=\"og:locale\" content=\"fr_FR\" \/>\n<meta property=\"og:type\" content=\"article\" \/>\n<meta property=\"og:title\" content=\"Rejoindre - Lean Cultural Concept\" \/>\n<meta property=\"og:description\" content=\"Rejoignez notre communaut\u00e9. Nous visons \u00e0 promouvoir l&#039;apprentissage continu gr\u00e2ce au partage d&#039;exp\u00e9riences et d&#039;expertises du terrain.\" \/>\n<meta property=\"og:url\" content=\"https:\/\/leanculturalconcept.com\/fr\/communaute\/rejoindre\/\" \/>\n<meta property=\"og:site_name\" content=\"Lean Cultural Concept\" \/>\n<meta property=\"article:modified_time\" content=\"2022-04-15T07:42:17+00:00\" \/>\n<meta property=\"og:image\" content=\"https:\/\/leanculturalconcept.com\/wp-content\/uploads\/2021\/03\/change.png\" \/>\n\t<meta property=\"og:image:width\" content=\"429\" \/>\n\t<meta property=\"og:image:height\" content=\"415\" \/>\n\t<meta property=\"og:image:type\" content=\"image\/png\" \/>\n<meta name=\"twitter:card\" content=\"summary_large_image\" \/>\n<meta name=\"twitter:label1\" content=\"Dur\u00e9e de lecture estim\u00e9e\" \/>\n\t<meta name=\"twitter:data1\" content=\"2 minutes\" \/>\n<script type=\"application\/ld+json\" class=\"yoast-schema-graph\">{\"@context\":\"https:\\\/\\\/schema.org\",\"@graph\":[{\"@type\":\"WebPage\",\"@id\":\"https:\\\/\\\/leanculturalconcept.com\\\/fr\\\/communaute\\\/rejoindre\\\/\",\"url\":\"https:\\\/\\\/leanculturalconcept.com\\\/fr\\\/communaute\\\/rejoindre\\\/\",\"name\":\"Rejoindre - Lean Cultural Concept\",\"isPartOf\":{\"@id\":\"https:\\\/\\\/leanculturalconcept.com\\\/fr\\\/#website\"},\"primaryImageOfPage\":{\"@id\":\"https:\\\/\\\/leanculturalconcept.com\\\/fr\\\/communaute\\\/rejoindre\\\/#primaryimage\"},\"image\":{\"@id\":\"https:\\\/\\\/leanculturalconcept.com\\\/fr\\\/communaute\\\/rejoindre\\\/#primaryimage\"},\"thumbnailUrl\":\"https:\\\/\\\/leanculturalconcept.com\\\/wp-content\\\/uploads\\\/2021\\\/03\\\/change.png\",\"datePublished\":\"2021-06-20T09:03:00+00:00\",\"dateModified\":\"2022-04-15T07:42:17+00:00\",\"description\":\"Rejoignez notre communaut\u00e9. Nous visons \u00e0 promouvoir l'apprentissage continu gr\u00e2ce au partage d'exp\u00e9riences et d'expertises du terrain.\",\"breadcrumb\":{\"@id\":\"https:\\\/\\\/leanculturalconcept.com\\\/fr\\\/communaute\\\/rejoindre\\\/#breadcrumb\"},\"inLanguage\":\"fr-FR\",\"potentialAction\":[{\"@type\":\"ReadAction\",\"target\":[\"https:\\\/\\\/leanculturalconcept.com\\\/fr\\\/communaute\\\/rejoindre\\\/\"]}]},{\"@type\":\"ImageObject\",\"inLanguage\":\"fr-FR\",\"@id\":\"https:\\\/\\\/leanculturalconcept.com\\\/fr\\\/communaute\\\/rejoindre\\\/#primaryimage\",\"url\":\"https:\\\/\\\/leanculturalconcept.com\\\/wp-content\\\/uploads\\\/2021\\\/03\\\/change.png\",\"contentUrl\":\"https:\\\/\\\/leanculturalconcept.com\\\/wp-content\\\/uploads\\\/2021\\\/03\\\/change.png\",\"width\":429,\"height\":415},{\"@type\":\"BreadcrumbList\",\"@id\":\"https:\\\/\\\/leanculturalconcept.com\\\/fr\\\/communaute\\\/rejoindre\\\/#breadcrumb\",\"itemListElement\":[{\"@type\":\"ListItem\",\"position\":1,\"name\":\"Home\",\"item\":\"https:\\\/\\\/leanculturalconcept.com\\\/fr\\\/\"},{\"@type\":\"ListItem\",\"position\":2,\"name\":\"Communaut\u00e9\",\"item\":\"https:\\\/\\\/leanculturalconcept.com\\\/fr\\\/community\\\/\"},{\"@type\":\"ListItem\",\"position\":3,\"name\":\"Rejoindre\"}]},{\"@type\":\"WebSite\",\"@id\":\"https:\\\/\\\/leanculturalconcept.com\\\/fr\\\/#website\",\"url\":\"https:\\\/\\\/leanculturalconcept.com\\\/fr\\\/\",\"name\":\"Lean Cultural Concept\",\"description\":\"Un site utilisant WordPress\",\"publisher\":{\"@id\":\"https:\\\/\\\/leanculturalconcept.com\\\/fr\\\/#organization\"},\"potentialAction\":[{\"@type\":\"SearchAction\",\"target\":{\"@type\":\"EntryPoint\",\"urlTemplate\":\"https:\\\/\\\/leanculturalconcept.com\\\/fr\\\/?s={search_term_string}\"},\"query-input\":{\"@type\":\"PropertyValueSpecification\",\"valueRequired\":true,\"valueName\":\"search_term_string\"}}],\"inLanguage\":\"fr-FR\"},{\"@type\":\"Organization\",\"@id\":\"https:\\\/\\\/leanculturalconcept.com\\\/fr\\\/#organization\",\"name\":\"Lean Cultural Concept\",\"url\":\"https:\\\/\\\/leanculturalconcept.com\\\/fr\\\/\",\"logo\":{\"@type\":\"ImageObject\",\"inLanguage\":\"fr-FR\",\"@id\":\"https:\\\/\\\/leanculturalconcept.com\\\/fr\\\/#\\\/schema\\\/logo\\\/image\\\/\",\"url\":\"http:\\\/\\\/leanculturalconcept.com\\\/wp-content\\\/uploads\\\/2021\\\/06\\\/Logo-Officiel-Lean-Cultural-Concept.png\",\"contentUrl\":\"http:\\\/\\\/leanculturalconcept.com\\\/wp-content\\\/uploads\\\/2021\\\/06\\\/Logo-Officiel-Lean-Cultural-Concept.png\",\"width\":2480,\"height\":2186,\"caption\":\"Lean Cultural Concept\"},\"image\":{\"@id\":\"https:\\\/\\\/leanculturalconcept.com\\\/fr\\\/#\\\/schema\\\/logo\\\/image\\\/\"},\"sameAs\":[\"https:\\\/\\\/www.youtube.com\\\/channel\\\/UCQDtN_-uxlbsO5KNBcMXrdw\"]}]}<\/script>\n<!-- \/ Yoast SEO plugin. -->","yoast_head_json":{"title":"Rejoindre - Lean Cultural Concept","description":"Rejoignez notre communaut\u00e9. Nous visons \u00e0 promouvoir l'apprentissage continu gr\u00e2ce au partage d'exp\u00e9riences et d'expertises du terrain.","robots":{"index":"index","follow":"follow","max-snippet":"max-snippet:-1","max-image-preview":"max-image-preview:large","max-video-preview":"max-video-preview:-1"},"canonical":"https:\/\/leanculturalconcept.com\/fr\/communaute\/rejoindre\/","og_locale":"fr_FR","og_type":"article","og_title":"Rejoindre - Lean Cultural Concept","og_description":"Rejoignez notre communaut\u00e9. Nous visons \u00e0 promouvoir l'apprentissage continu gr\u00e2ce au partage d'exp\u00e9riences et d'expertises du terrain.","og_url":"https:\/\/leanculturalconcept.com\/fr\/communaute\/rejoindre\/","og_site_name":"Lean Cultural Concept","article_modified_time":"2022-04-15T07:42:17+00:00","og_image":[{"width":429,"height":415,"url":"https:\/\/leanculturalconcept.com\/wp-content\/uploads\/2021\/03\/change.png","type":"image\/png"}],"twitter_card":"summary_large_image","twitter_misc":{"Dur\u00e9e de lecture estim\u00e9e":"2 minutes"},"schema":{"@context":"https:\/\/schema.org","@graph":[{"@type":"WebPage","@id":"https:\/\/leanculturalconcept.com\/fr\/communaute\/rejoindre\/","url":"https:\/\/leanculturalconcept.com\/fr\/communaute\/rejoindre\/","name":"Rejoindre - Lean Cultural Concept","isPartOf":{"@id":"https:\/\/leanculturalconcept.com\/fr\/#website"},"primaryImageOfPage":{"@id":"https:\/\/leanculturalconcept.com\/fr\/communaute\/rejoindre\/#primaryimage"},"image":{"@id":"https:\/\/leanculturalconcept.com\/fr\/communaute\/rejoindre\/#primaryimage"},"thumbnailUrl":"https:\/\/leanculturalconcept.com\/wp-content\/uploads\/2021\/03\/change.png","datePublished":"2021-06-20T09:03:00+00:00","dateModified":"2022-04-15T07:42:17+00:00","description":"Rejoignez notre communaut\u00e9. Nous visons \u00e0 promouvoir l'apprentissage continu gr\u00e2ce au partage d'exp\u00e9riences et d'expertises du terrain.","breadcrumb":{"@id":"https:\/\/leanculturalconcept.com\/fr\/communaute\/rejoindre\/#breadcrumb"},"inLanguage":"fr-FR","potentialAction":[{"@type":"ReadAction","target":["https:\/\/leanculturalconcept.com\/fr\/communaute\/rejoindre\/"]}]},{"@type":"ImageObject","inLanguage":"fr-FR","@id":"https:\/\/leanculturalconcept.com\/fr\/communaute\/rejoindre\/#primaryimage","url":"https:\/\/leanculturalconcept.com\/wp-content\/uploads\/2021\/03\/change.png","contentUrl":"https:\/\/leanculturalconcept.com\/wp-content\/uploads\/2021\/03\/change.png","width":429,"height":415},{"@type":"BreadcrumbList","@id":"https:\/\/leanculturalconcept.com\/fr\/communaute\/rejoindre\/#breadcrumb","itemListElement":[{"@type":"ListItem","position":1,"name":"Home","item":"https:\/\/leanculturalconcept.com\/fr\/"},{"@type":"ListItem","position":2,"name":"Communaut\u00e9","item":"https:\/\/leanculturalconcept.com\/fr\/community\/"},{"@type":"ListItem","position":3,"name":"Rejoindre"}]},{"@type":"WebSite","@id":"https:\/\/leanculturalconcept.com\/fr\/#website","url":"https:\/\/leanculturalconcept.com\/fr\/","name":"Lean Cultural Concept","description":"Un site utilisant WordPress","publisher":{"@id":"https:\/\/leanculturalconcept.com\/fr\/#organization"},"potentialAction":[{"@type":"SearchAction","target":{"@type":"EntryPoint","urlTemplate":"https:\/\/leanculturalconcept.com\/fr\/?s={search_term_string}"},"query-input":{"@type":"PropertyValueSpecification","valueRequired":true,"valueName":"search_term_string"}}],"inLanguage":"fr-FR"},{"@type":"Organization","@id":"https:\/\/leanculturalconcept.com\/fr\/#organization","name":"Lean Cultural Concept","url":"https:\/\/leanculturalconcept.com\/fr\/","logo":{"@type":"ImageObject","inLanguage":"fr-FR","@id":"https:\/\/leanculturalconcept.com\/fr\/#\/schema\/logo\/image\/","url":"http:\/\/leanculturalconcept.com\/wp-content\/uploads\/2021\/06\/Logo-Officiel-Lean-Cultural-Concept.png","contentUrl":"http:\/\/leanculturalconcept.com\/wp-content\/uploads\/2021\/06\/Logo-Officiel-Lean-Cultural-Concept.png","width":2480,"height":2186,"caption":"Lean Cultural Concept"},"image":{"@id":"https:\/\/leanculturalconcept.com\/fr\/#\/schema\/logo\/image\/"},"sameAs":["https:\/\/www.youtube.com\/channel\/UCQDtN_-uxlbsO5KNBcMXrdw"]}]}},"_links":{"self":[{"href":"https:\/\/leanculturalconcept.com\/fr\/wp-json\/wp\/v2\/pages\/3158","targetHints":{"allow":["GET"]}}],"collection":[{"href":"https:\/\/leanculturalconcept.com\/fr\/wp-json\/wp\/v2\/pages"}],"about":[{"href":"https:\/\/leanculturalconcept.com\/fr\/wp-json\/wp\/v2\/types\/page"}],"author":[{"embeddable":true,"href":"https:\/\/leanculturalconcept.com\/fr\/wp-json\/wp\/v2\/users\/1"}],"replies":[{"embeddable":true,"href":"https:\/\/leanculturalconcept.com\/fr\/wp-json\/wp\/v2\/comments?post=3158"}],"version-history":[{"count":11,"href":"https:\/\/leanculturalconcept.com\/fr\/wp-json\/wp\/v2\/pages\/3158\/revisions"}],"predecessor-version":[{"id":3801,"href":"https:\/\/leanculturalconcept.com\/fr\/wp-json\/wp\/v2\/pages\/3158\/revisions\/3801"}],"up":[{"embeddable":true,"href":"https:\/\/leanculturalconcept.com\/fr\/wp-json\/wp\/v2\/pages\/2437"}],"wp:featuredmedia":[{"embeddable":true,"href":"https:\/\/leanculturalconcept.com\/fr\/wp-json\/wp\/v2\/media\/2299"}],"wp:attachment":[{"href":"https:\/\/leanculturalconcept.com\/fr\/wp-json\/wp\/v2\/media?parent=3158"}],"curies":[{"name":"wp","href":"https:\/\/api.w.org\/{rel}","templated":true}]}}