{"id":2902,"date":"2021-06-02T15:40:24","date_gmt":"2021-06-02T13:40:24","guid":{"rendered":"http:\/\/leanculturalconcept.com\/conditions-dutilisation\/"},"modified":"2021-06-02T15:40:26","modified_gmt":"2021-06-02T13:40:26","slug":"conditions-dutilisation","status":"publish","type":"page","link":"https:\/\/leanculturalconcept.com\/fr\/conditions-dutilisation\/","title":{"rendered":"Conditions d&#8217;utilisation"},"content":{"rendered":"<p>[et_pb_section fb_built=&#8221;1&#8243; _builder_version=&#8221;3.22&#8243;][et_pb_row _builder_version=&#8221;3.25&#8243; background_size=&#8221;initial&#8221; background_position=&#8221;top_left&#8221; background_repeat=&#8221;repeat&#8221;][et_pb_column type=&#8221;4_4&#8243; _builder_version=&#8221;3.25&#8243; custom_padding=&#8221;|||&#8221; custom_padding__hover=&#8221;|||&#8221;][et_pb_text _builder_version=&#8221;4.9.0&#8243; background_size=&#8221;initial&#8221; background_position=&#8221;top_left&#8221; background_repeat=&#8221;repeat&#8221; hover_enabled=&#8221;0&#8243; sticky_enabled=&#8221;0&#8243;]<\/p>\n<h1 style=\"text-align: center;\">Conditions d\u2019utilisation<\/h1>\n<p>&nbsp;<\/p>\n<p>&nbsp;<\/p>\n<p>&nbsp;<\/p>\n<p>Le site Web www.leanculturalconcept.com et ses traductions constituent l\u2019enti\u00e8re propri\u00e9t\u00e9 et de son propri\u00e9taire et sont destin\u00e9es \u00e0 informer dans le cadre d\u2019un usage personnel, non commercial.<\/p>\n<p>&nbsp;<\/p>\n<p>Toutes les donn\u00e9es, et notamment les textes, graphiques, logos, ic\u00f4nes et images figurant sur le site et ses versions, sont prot\u00e9g\u00e9s par le droit d\u2019auteur et les droits de propri\u00e9t\u00e9 intellectuelle et sont la propri\u00e9t\u00e9 de Natacha Jushko.<\/p>\n<p>&nbsp;<\/p>\n<p>Dans ces conditions, l\u2019utilisateur s\u2019engage \u00e0 ne pas reproduire, rediffuser, r\u00e9sumer, modifier ou alt\u00e9rer sans l\u2019accord expr\u00e8s pr\u00e9alable, tout texte, application, outil, logo, image, graphique, information ou illustration pour un usage autre que strictement priv\u00e9. Toute autre forme de repr\u00e9sentation \u00e0 des fins professionnelles ou commerciales ainsi que la rediffusion en nombre sans autorisation expresse pr\u00e9alable constituerait une contrefa\u00e7on. De m\u00eame, l\u2019utilisateur s\u2019engage \u00e0 ne pas copier tout ou partie du Site sur tout autre site tel qu\u2019un r\u00e9seau interne de formation ou d\u2019entreprise. L\u2019utilisateur s\u2019engage en outre \u00e0 ne pas proc\u00e9der \u00e0 l\u2019extraction de tout ou partie du Site aux fins d\u2019importation et de stockage des contenus et de la base de donn\u00e9es.<\/p>\n<p>&nbsp;<\/p>\n<p>La reproduction de parties limit\u00e9es de ce site Web est autoris\u00e9e uniquement dans le cadre de la r\u00e9daction de th\u00e8ses et d\u2019articles acad\u00e9miques. Cette autorisation est valable uniquement \u00e0 condition que son utilisation ne soit pas li\u00e9e \u00e0 des fins commerciales directes ou indirectes et\/ou destin\u00e9e \u00e0 collecter ou \u00e0 g\u00e9n\u00e9rer des revenus pour l\u2019utilisateur. Dans ce cas, le lien vers le site doit \u00eatre indiqu\u00e9 conform\u00e9ment \u00e0 la pratique acad\u00e9mique en mati\u00e8re de r\u00e9f\u00e9rencement de Site web.<\/p>\n<p>&nbsp;<\/p>\n<p>Les risques li\u00e9s \u00e0 l\u2019utilisation de ces sites incombent donc pleinement \u00e0 l\u2019utilisateur qui est tenu de se conformer \u00e0 ses conditions d\u2019utilisation.<\/p>\n<p>&nbsp;<\/p>\n<p>En cas de litige, les parties conviennent de rechercher une solution priv\u00e9e avant de faire appel \u00e0 la juridiction belge comp\u00e9tente.<\/p>\n<p>&nbsp;<\/p>\n<p>Pour plus d\u2019informations, vous pouvez consulter notre politique de confidentialit\u00e9 ou nous contacter \u00e0 l\u2019adresse email suivante : <a href=\"mailto:info@leanculturalconcept.com\">info@leanculturalconcept.com<\/a><\/p>\n<p>[\/et_pb_text][\/et_pb_column][\/et_pb_row][\/et_pb_section]<\/p>\n","protected":false},"excerpt":{"rendered":"<p>Conditions d\u2019utilisation &nbsp; &nbsp; &nbsp; Le site Web www.leanculturalconcept.com et ses traductions constituent l\u2019enti\u00e8re propri\u00e9t\u00e9 et de son propri\u00e9taire et sont destin\u00e9es \u00e0 informer dans le cadre d\u2019un usage personnel, non commercial. &nbsp; Toutes les donn\u00e9es, et notamment les textes, graphiques, logos, ic\u00f4nes et images figurant sur le site et ses versions, sont prot\u00e9g\u00e9s par [&hellip;]<\/p>\n","protected":false},"author":1,"featured_media":0,"parent":0,"menu_order":0,"comment_status":"closed","ping_status":"closed","template":"","meta":{"_et_pb_use_builder":"on","_et_pb_old_content":"","_et_gb_content_width":"","footnotes":""},"class_list":["post-2902","page","type-page","status-publish","hentry"],"yoast_head":"<!-- This site is optimized with the Yoast SEO plugin v27.3 - https:\/\/yoast.com\/product\/yoast-seo-wordpress\/ -->\n<title>Conditions d&#039;utilisation - Lean Cultural Concept<\/title>\n<meta name=\"robots\" content=\"index, follow, max-snippet:-1, max-image-preview:large, max-video-preview:-1\" \/>\n<link rel=\"canonical\" href=\"https:\/\/leanculturalconcept.com\/fr\/conditions-dutilisation\/\" \/>\n<meta property=\"og:locale\" content=\"fr_FR\" \/>\n<meta property=\"og:type\" content=\"article\" \/>\n<meta property=\"og:title\" content=\"Conditions d&#039;utilisation - Lean Cultural Concept\" \/>\n<meta property=\"og:description\" content=\"Conditions d\u2019utilisation &nbsp; &nbsp; &nbsp; Le site Web www.leanculturalconcept.com et ses traductions constituent l\u2019enti\u00e8re propri\u00e9t\u00e9 et de son propri\u00e9taire et sont destin\u00e9es \u00e0 informer dans le cadre d\u2019un usage personnel, non commercial. &nbsp; Toutes les donn\u00e9es, et notamment les textes, graphiques, logos, ic\u00f4nes et images figurant sur le site et ses versions, sont prot\u00e9g\u00e9s par [&hellip;]\" \/>\n<meta property=\"og:url\" content=\"https:\/\/leanculturalconcept.com\/fr\/conditions-dutilisation\/\" \/>\n<meta property=\"og:site_name\" content=\"Lean Cultural Concept\" \/>\n<meta property=\"article:modified_time\" content=\"2021-06-02T13:40:26+00:00\" \/>\n<meta name=\"twitter:card\" content=\"summary_large_image\" \/>\n<meta name=\"twitter:label1\" content=\"Dur\u00e9e de lecture estim\u00e9e\" \/>\n\t<meta name=\"twitter:data1\" content=\"2 minutes\" \/>\n<script type=\"application\/ld+json\" class=\"yoast-schema-graph\">{\"@context\":\"https:\\\/\\\/schema.org\",\"@graph\":[{\"@type\":\"WebPage\",\"@id\":\"https:\\\/\\\/leanculturalconcept.com\\\/fr\\\/conditions-dutilisation\\\/\",\"url\":\"https:\\\/\\\/leanculturalconcept.com\\\/fr\\\/conditions-dutilisation\\\/\",\"name\":\"Conditions d'utilisation - Lean Cultural Concept\",\"isPartOf\":{\"@id\":\"https:\\\/\\\/leanculturalconcept.com\\\/fr\\\/#website\"},\"datePublished\":\"2021-06-02T13:40:24+00:00\",\"dateModified\":\"2021-06-02T13:40:26+00:00\",\"breadcrumb\":{\"@id\":\"https:\\\/\\\/leanculturalconcept.com\\\/fr\\\/conditions-dutilisation\\\/#breadcrumb\"},\"inLanguage\":\"fr-FR\",\"potentialAction\":[{\"@type\":\"ReadAction\",\"target\":[\"https:\\\/\\\/leanculturalconcept.com\\\/fr\\\/conditions-dutilisation\\\/\"]}]},{\"@type\":\"BreadcrumbList\",\"@id\":\"https:\\\/\\\/leanculturalconcept.com\\\/fr\\\/conditions-dutilisation\\\/#breadcrumb\",\"itemListElement\":[{\"@type\":\"ListItem\",\"position\":1,\"name\":\"Home\",\"item\":\"https:\\\/\\\/leanculturalconcept.com\\\/fr\\\/\"},{\"@type\":\"ListItem\",\"position\":2,\"name\":\"Conditions d&#8217;utilisation\"}]},{\"@type\":\"WebSite\",\"@id\":\"https:\\\/\\\/leanculturalconcept.com\\\/fr\\\/#website\",\"url\":\"https:\\\/\\\/leanculturalconcept.com\\\/fr\\\/\",\"name\":\"Lean Cultural Concept\",\"description\":\"Un site utilisant WordPress\",\"publisher\":{\"@id\":\"https:\\\/\\\/leanculturalconcept.com\\\/fr\\\/#organization\"},\"potentialAction\":[{\"@type\":\"SearchAction\",\"target\":{\"@type\":\"EntryPoint\",\"urlTemplate\":\"https:\\\/\\\/leanculturalconcept.com\\\/fr\\\/?s={search_term_string}\"},\"query-input\":{\"@type\":\"PropertyValueSpecification\",\"valueRequired\":true,\"valueName\":\"search_term_string\"}}],\"inLanguage\":\"fr-FR\"},{\"@type\":\"Organization\",\"@id\":\"https:\\\/\\\/leanculturalconcept.com\\\/fr\\\/#organization\",\"name\":\"Lean Cultural Concept\",\"url\":\"https:\\\/\\\/leanculturalconcept.com\\\/fr\\\/\",\"logo\":{\"@type\":\"ImageObject\",\"inLanguage\":\"fr-FR\",\"@id\":\"https:\\\/\\\/leanculturalconcept.com\\\/fr\\\/#\\\/schema\\\/logo\\\/image\\\/\",\"url\":\"http:\\\/\\\/leanculturalconcept.com\\\/wp-content\\\/uploads\\\/2021\\\/06\\\/Logo-Officiel-Lean-Cultural-Concept.png\",\"contentUrl\":\"http:\\\/\\\/leanculturalconcept.com\\\/wp-content\\\/uploads\\\/2021\\\/06\\\/Logo-Officiel-Lean-Cultural-Concept.png\",\"width\":2480,\"height\":2186,\"caption\":\"Lean Cultural Concept\"},\"image\":{\"@id\":\"https:\\\/\\\/leanculturalconcept.com\\\/fr\\\/#\\\/schema\\\/logo\\\/image\\\/\"},\"sameAs\":[\"https:\\\/\\\/www.youtube.com\\\/channel\\\/UCQDtN_-uxlbsO5KNBcMXrdw\"]}]}<\/script>\n<!-- \/ Yoast SEO plugin. -->","yoast_head_json":{"title":"Conditions d'utilisation - Lean Cultural Concept","robots":{"index":"index","follow":"follow","max-snippet":"max-snippet:-1","max-image-preview":"max-image-preview:large","max-video-preview":"max-video-preview:-1"},"canonical":"https:\/\/leanculturalconcept.com\/fr\/conditions-dutilisation\/","og_locale":"fr_FR","og_type":"article","og_title":"Conditions d'utilisation - Lean Cultural Concept","og_description":"Conditions d\u2019utilisation &nbsp; &nbsp; &nbsp; Le site Web www.leanculturalconcept.com et ses traductions constituent l\u2019enti\u00e8re propri\u00e9t\u00e9 et de son propri\u00e9taire et sont destin\u00e9es \u00e0 informer dans le cadre d\u2019un usage personnel, non commercial. &nbsp; Toutes les donn\u00e9es, et notamment les textes, graphiques, logos, ic\u00f4nes et images figurant sur le site et ses versions, sont prot\u00e9g\u00e9s par [&hellip;]","og_url":"https:\/\/leanculturalconcept.com\/fr\/conditions-dutilisation\/","og_site_name":"Lean Cultural Concept","article_modified_time":"2021-06-02T13:40:26+00:00","twitter_card":"summary_large_image","twitter_misc":{"Dur\u00e9e de lecture estim\u00e9e":"2 minutes"},"schema":{"@context":"https:\/\/schema.org","@graph":[{"@type":"WebPage","@id":"https:\/\/leanculturalconcept.com\/fr\/conditions-dutilisation\/","url":"https:\/\/leanculturalconcept.com\/fr\/conditions-dutilisation\/","name":"Conditions d'utilisation - Lean Cultural Concept","isPartOf":{"@id":"https:\/\/leanculturalconcept.com\/fr\/#website"},"datePublished":"2021-06-02T13:40:24+00:00","dateModified":"2021-06-02T13:40:26+00:00","breadcrumb":{"@id":"https:\/\/leanculturalconcept.com\/fr\/conditions-dutilisation\/#breadcrumb"},"inLanguage":"fr-FR","potentialAction":[{"@type":"ReadAction","target":["https:\/\/leanculturalconcept.com\/fr\/conditions-dutilisation\/"]}]},{"@type":"BreadcrumbList","@id":"https:\/\/leanculturalconcept.com\/fr\/conditions-dutilisation\/#breadcrumb","itemListElement":[{"@type":"ListItem","position":1,"name":"Home","item":"https:\/\/leanculturalconcept.com\/fr\/"},{"@type":"ListItem","position":2,"name":"Conditions d&#8217;utilisation"}]},{"@type":"WebSite","@id":"https:\/\/leanculturalconcept.com\/fr\/#website","url":"https:\/\/leanculturalconcept.com\/fr\/","name":"Lean Cultural Concept","description":"Un site utilisant WordPress","publisher":{"@id":"https:\/\/leanculturalconcept.com\/fr\/#organization"},"potentialAction":[{"@type":"SearchAction","target":{"@type":"EntryPoint","urlTemplate":"https:\/\/leanculturalconcept.com\/fr\/?s={search_term_string}"},"query-input":{"@type":"PropertyValueSpecification","valueRequired":true,"valueName":"search_term_string"}}],"inLanguage":"fr-FR"},{"@type":"Organization","@id":"https:\/\/leanculturalconcept.com\/fr\/#organization","name":"Lean Cultural Concept","url":"https:\/\/leanculturalconcept.com\/fr\/","logo":{"@type":"ImageObject","inLanguage":"fr-FR","@id":"https:\/\/leanculturalconcept.com\/fr\/#\/schema\/logo\/image\/","url":"http:\/\/leanculturalconcept.com\/wp-content\/uploads\/2021\/06\/Logo-Officiel-Lean-Cultural-Concept.png","contentUrl":"http:\/\/leanculturalconcept.com\/wp-content\/uploads\/2021\/06\/Logo-Officiel-Lean-Cultural-Concept.png","width":2480,"height":2186,"caption":"Lean Cultural Concept"},"image":{"@id":"https:\/\/leanculturalconcept.com\/fr\/#\/schema\/logo\/image\/"},"sameAs":["https:\/\/www.youtube.com\/channel\/UCQDtN_-uxlbsO5KNBcMXrdw"]}]}},"_links":{"self":[{"href":"https:\/\/leanculturalconcept.com\/fr\/wp-json\/wp\/v2\/pages\/2902","targetHints":{"allow":["GET"]}}],"collection":[{"href":"https:\/\/leanculturalconcept.com\/fr\/wp-json\/wp\/v2\/pages"}],"about":[{"href":"https:\/\/leanculturalconcept.com\/fr\/wp-json\/wp\/v2\/types\/page"}],"author":[{"embeddable":true,"href":"https:\/\/leanculturalconcept.com\/fr\/wp-json\/wp\/v2\/users\/1"}],"replies":[{"embeddable":true,"href":"https:\/\/leanculturalconcept.com\/fr\/wp-json\/wp\/v2\/comments?post=2902"}],"version-history":[{"count":2,"href":"https:\/\/leanculturalconcept.com\/fr\/wp-json\/wp\/v2\/pages\/2902\/revisions"}],"predecessor-version":[{"id":2904,"href":"https:\/\/leanculturalconcept.com\/fr\/wp-json\/wp\/v2\/pages\/2902\/revisions\/2904"}],"wp:attachment":[{"href":"https:\/\/leanculturalconcept.com\/fr\/wp-json\/wp\/v2\/media?parent=2902"}],"curies":[{"name":"wp","href":"https:\/\/api.w.org\/{rel}","templated":true}]}}