{"id":2845,"date":"2021-05-27T14:34:03","date_gmt":"2021-05-27T12:34:03","guid":{"rendered":"http:\/\/leanculturalconcept.com\/politique-de-confidentialite\/"},"modified":"2021-05-28T15:21:42","modified_gmt":"2021-05-28T13:21:42","slug":"politique-de-confidentialite","status":"publish","type":"page","link":"https:\/\/leanculturalconcept.com\/fr\/politique-de-confidentialite\/","title":{"rendered":"Politique de confidentialit\u00e9"},"content":{"rendered":"<p>[et_pb_section fb_built=&#8221;1&#8243; _builder_version=&#8221;3.22&#8243;][et_pb_row _builder_version=&#8221;3.25&#8243; background_size=&#8221;initial&#8221; background_position=&#8221;top_left&#8221; background_repeat=&#8221;repeat&#8221;][et_pb_column type=&#8221;4_4&#8243; _builder_version=&#8221;3.25&#8243; custom_padding=&#8221;|||&#8221; custom_padding__hover=&#8221;|||&#8221;][et_pb_text _builder_version=&#8221;4.9.0&#8243; background_size=&#8221;initial&#8221; background_position=&#8221;top_left&#8221; background_repeat=&#8221;repeat&#8221; hover_enabled=&#8221;0&#8243; sticky_enabled=&#8221;0&#8243;]<\/p>\n<h1 style=\"text-align: center;\">Politique de confidentialit\u00e9<\/h1>\n<h1>\u00a0<\/h1>\n<p>Date d\u2019entr\u00e9e en vigueur : 22 mai 2021<\/p>\n<p>Notre adresse web est: http:\/\/leanculturalconcept.com.<\/p>\n<p>Le site Lean Cultural Concept (\u00a0\u00ab\u00a0<em>LC\u00b2<\/em>\u00a0\u00bb\u00a0) vous fournit des informations li\u00e9es \u00e0 la dimensions culturelle du Lean et dans son d\u00e9ploiement (le \u00ab\u00a0Service<em>\u00a0\u00bb\u00a0).<\/em><\/p>\n<p>Cette politique vous fournit des informations sur la fa\u00e7on dont nous recueillons, utilisons et divulguons vos donn\u00e9es personnelles lorsque vous utilisez notre Service (\u00ab<em>la politique de confidentialit\u00e9<\/em>\u00bb).<\/p>\n<p>En utilisant le Service, vous acceptez la collecte et l\u2019utilisation de renseignements conform\u00e9ment \u00e0 cette politique de confidentialit\u00e9. Sauf d\u00e9finition contraire dans cette politique de confidentialit\u00e9, les termes utilis\u00e9s ont les m\u00eames significations que d\u00e9finies dans le R\u00e8glement g\u00e9n\u00e9ral sur la protection des donn\u00e9es <em>(le \u00ab GDPR<\/em>\u00bb). Dans le cadre de la politique de confidentialit\u00e9,\u00a0 Natacha Jushko qui est propri\u00e9taire de ce site web, est le contr\u00f4leur de donn\u00e9es de vos donn\u00e9es personnelles.<\/p>\n<h2>Collecte et utilisation de l\u2019information<\/h2>\n<p><strong>Types de donn\u00e9es recueillies<\/strong><\/p>\n<p>Lors de \u2018l\u2019utilisation notre Service (comme par exemple lors de votre inscription pour utiliser la boussole culturelle Lean ou encore lorsque vous laissez un commentaire sur notre site), nous pouvons vous demander de nous fournir certaines donn\u00e9es personnelles qui peuvent \u00eatre utilis\u00e9es pour vous contacter ou vous identifier tels que :<\/p>\n<ul>\n<li>Adresse courriel<\/li>\n<li>Pr\u00e9nom et nom de famille<\/li>\n<li>Titre de l\u2019emploi<\/li>\n<li>Soci\u00e9t\u00e9 ou institution<\/li>\n<li>Domaine de travail<\/li>\n<li>Pays<\/li>\n<\/ul>\n<p>&nbsp;<\/p>\n<p>Si vous visitez notre page de connexion, nous d\u00e9finirons un cookie temporaire pour d\u00e9terminer si votre navigateur accepte les cookies. Ce cookie ne contient pas de donn\u00e9es personnelles et est supprim\u00e9 lorsque vous fermez votre navigateur.<\/p>\n<p>Lorsque vous vous connectez, nous configurerons un certain nombre de cookies pour enregistrer vos informations de connexion et vos pr\u00e9f\u00e9rences de pr\u00e9sentation. La dur\u00e9e de vie d\u2019un cookie de connexion est de deux jours, celle d\u2019un cookie d\u2019option \u00e9cran est d\u2019un an. Si vous v\u00e9rifiez \u00ab\u00a0se souvenir\u00a0\u00bb, votre cookie de connexion sera conserv\u00e9 pendant deux semaines. Si vous vous d\u00e9connectez de votre compte, le cookie de connexion sera supprim\u00e9.<\/p>\n<p>Si vous demandez une r\u00e9initialisation de mot de passe, votre adresse IP sera incluse dans l\u2019e-mail de r\u00e9initialisation.<\/p>\n<p><em><u>Commentaires<\/u><\/em><\/p>\n<p>Lorsque les visiteurs laissent des commentaires sur le site Web, nous recueillons les donn\u00e9es affich\u00e9es dans le formulaire de commentaires, ainsi que l\u2019adresse IP du visiteur et la cha\u00eene d\u2019agents utilisateur du navigateur pour aider \u00e0 la d\u00e9tection des spams. Un commentaire et ses m\u00e9tadonn\u00e9es sont conserv\u00e9s ind\u00e9finiment. C\u2019est pour que nous puissions reconna\u00eetre et approuver tous les commentaires de suivi automatiquement au lieu de les tenir dans une file d\u2019attente de mod\u00e9ration. Les commentaires peuvent \u00eatre v\u00e9rifi\u00e9s par l\u2019interm\u00e9diaire d\u2019un service automatis\u00e9 de d\u00e9tection de spams.<\/p>\n<p>Une cha\u00eene anonymis\u00e9e cr\u00e9\u00e9e \u00e0 partir de votre adresse de messagerie (\u00e9galement appel\u00e9e hash) peut \u00eatre envoy\u00e9e au service Gravatar pour v\u00e9rifier si vous utilisez ce dernier. Les clauses de confidentialit\u00e9 du service Gravatar sont disponibles ici : https:\/\/automattic.com\/privacy\/. Apr\u00e8s validation de votre commentaire, votre photo de profil sera visible publiquement \u00e0 cot\u00e9 de votre commentaire.<\/p>\n<p>Si vous t\u00e9l\u00e9chargez des images sur le site Web, vous devez \u00e9viter de t\u00e9l\u00e9charger des images avec des donn\u00e9es de localisation int\u00e9gr\u00e9es (EXIF GPS) incluses. Les visiteurs du site web peuvent t\u00e9l\u00e9charger et extraire toutes les donn\u00e9es de localisation \u00e0 partir d\u2019images sur le site.<\/p>\n<p><em><u>Articles<\/u><\/em><\/p>\n<p>Si vous modifiez ou publiez un article, un cookie suppl\u00e9mentaire sera enregistr\u00e9 dans votre navigateur. Ce cookie ne contient pas de donn\u00e9es personnelles et indique simplement l\u2019iD de publication de l\u2019article que vous venez de modifier.<\/p>\n<p><strong><em>Suivi des donn\u00e9es des cookies<\/em><\/strong><\/p>\n<p>Nous utilisons de petits fichiers stock\u00e9s sur votre appareil (\u00a0\u00ab\u00a0<em>Cookies<\/em>\u00a0\u00bb\u00a0) pour suivre l\u2019activit\u00e9 sur notre Service et nous conservons certaines informations.<\/p>\n<p>Vous pouvez demander \u00e0 votre navigateur de refuser tous les cookies ou d\u2019indiquer quand un cookie est refus\u00e9. Toutefois, si vous n\u2019acceptez pas les cookies, il se peut que vous ne soyez pas en mesure d\u2019utiliser certaines parties de notre Service.<\/p>\n<p>Nous utilisons \u00e9galement des cookies pour mesurer l&#8217;utilisation du site Web via Google Analytics. Nous faisons cela pour nous assurer que le site r\u00e9pond aux besoins de ses utilisateurs et pour nous aider \u00e0 apporter des am\u00e9liorations.<\/p>\n<p>Lorsque vous vous connectez, nous utilisons des cookies pour stocker vos informations d&#8217;authentification, ce qui nous permet de nous souvenir de qui vous \u00eates afin que vous n&#8217;ayez pas \u00e0 vous connecter \u00e0 chaque fois que vous revenez sur le site.<\/p>\n<p><strong>Utilisation des donn\u00e9es<\/strong><\/p>\n<p>Nous pouvons \u00e9galement recueillir des informations sur la fa\u00e7on dont le Service est accessible et utilis\u00e9. Ces donn\u00e9es d\u2019utilisation peuvent inclure des informations telles que l\u2019adresse IP de votre ordinateur, le type de navigateur, la version du navigateur, les pages de notre Service que vous visitez, l\u2019heure et la date de votre visite, le temps pass\u00e9 sur ces pages, les identifiants d\u2019appareils uniques et d\u2019autres donn\u00e9es diagnostiques.<\/p>\n<ul>\n<li>Fournir et maintenir notre service<\/li>\n<li>Pour vous informer des changements apport\u00e9s \u00e0 notre Service<\/li>\n<li>Pour vous permettre de participer aux fonctionnalit\u00e9s interactives de notre Service lorsque vous choisissez de le faire<\/li>\n<li>Fournir un soutien \u00e0 la client\u00e8le<\/li>\n<li>Recueillir des analyses ou des informations pr\u00e9cieuses afin d\u2019am\u00e9liorer notre service<\/li>\n<li>Pour surveiller l\u2019utilisation de notre Service<\/li>\n<li>D\u00e9tecter, pr\u00e9venir et r\u00e9soudre les probl\u00e8mes techniques<\/li>\n<li>Pour vous contacter avec des bulletins d\u2019information, du mat\u00e9riel de marketing ou de promotion et d\u2019autres informations qui pourraient vous int\u00e9resser. Vous pouvez refuser de recevoir une ou la toute ou partie de ces communications de notre part en suivant le lien de d\u00e9sabonnement ou les instructions fournies dans n\u2019importe quel courriel que nous envoyons.<\/li>\n<\/ul>\n<p><strong>\u00a0<\/strong><\/p>\n<p><strong>Base juridique <\/strong><\/p>\n<p>Si vous \u00eates au sein de l\u2019Espace \u00e9conomique europ\u00e9en (EEE), la base juridique du GDPR pour la collecte et l\u2019utilisation des informations personnelles d\u00e9pend des donn\u00e9es personnelles que nous recueillons et du contexte sp\u00e9cifique dans lequel nous les recueillons car nous pouvons traiter vos donn\u00e9es personnelles dans les cadres suivants :<\/p>\n<ul>\n<li>Vous nous avez donn\u00e9 la permission de le faire<\/li>\n<li>Le traitement est dans notre int\u00e9r\u00eat l\u00e9gitime et il n\u2019est pas remplac\u00e9 par vos droits<\/li>\n<li>Pour se conformer \u00e0 la loi<\/li>\n<\/ul>\n<p>&nbsp;<\/p>\n<p><strong>Conservation des donn\u00e9es<\/strong><\/p>\n<p>Nous ne conserverons vos donn\u00e9es personnelles que le temps n\u00e9cessaire aux fins \u00e9nonc\u00e9es dans la cette politique de confidentialit\u00e9 et dans la mesure n\u00e9cessaire pour nous conformer \u00e0 nos obligations l\u00e9gales et r\u00e9soudre d\u2019\u00e9ventuels diff\u00e9rends.<\/p>\n<p>Nous conserverons \u00e9galement les donn\u00e9es d\u2019utilisation \u00e0 des fins d\u2019analyse interne.<\/p>\n<p><strong>Transfert de donn\u00e9es<\/strong><\/p>\n<p>Vos donn\u00e9es personnelles peuvent \u00eatre transf\u00e9r\u00e9es \u2014 et maintenues sur \u2014 des renseignements informatiques, situ\u00e9s \u00e0 l\u2019ext\u00e9rieur de votre \u00c9tat, province, pays ou autre juridiction gouvernementale o\u00f9 les lois sur la protection des donn\u00e9es peuvent diff\u00e9rer de celles de votre juridiction.<\/p>\n<p>Votre consentement \u00e0 cette politique de confidentialit\u00e9 suivi de votre communication de ces renseignements pr\u00e9sume votre accord \u00e0 ce transfert.<\/p>\n<p>Le propri\u00e9taire du site Web \u00ab\u00a0Leanculturalconcept.com\u00a0\u00bb prendra toutes les mesures raisonnablement n\u00e9cessaires pour s\u2019assurer que vos donn\u00e9es soient trait\u00e9es en toute s\u00e9curit\u00e9 et conform\u00e9ment \u00e0 cette politique de confidentialit\u00e9 et qu\u2019aucun transfert de vos donn\u00e9es personnelles n\u2019aura lieu en faveur d\u2019une organisation tiers ou \u00e0 d\u2019un pays \u00e0 moins qu\u2019il n\u2019y ait des contr\u00f4les ad\u00e9quats en place, y compris la s\u00e9curit\u00e9 de vos donn\u00e9es et d\u2019autres informations personnelles.<\/p>\n<p><strong>Divulgation des donn\u00e9es<\/strong><\/p>\n<p>Nous pourrions \u00eatre men\u00e9 \u00e0 divulguer vos donn\u00e9es personnelles de bonne foi dans les cas sp\u00e9cifiques suivants, pour :<\/p>\n<ul>\n<li>Se conformer \u00e0 une obligation l\u00e9gale<\/li>\n<li>Prot\u00e9ger et d\u00e9fendre nos droits ou nos biens<\/li>\n<li>Pr\u00e9venir ou enqu\u00eater sur d\u2019\u00e9ventuels actes r\u00e9pr\u00e9hensibles en lien avec le Service<\/li>\n<li>Prot\u00e9ger la s\u00e9curit\u00e9 personnelle des usagers du Service ou du public<\/li>\n<li>Pour se prot\u00e9ger si notre responsabilit\u00e9 l\u00e9gale \u00e9tait engag\u00e9e<\/li>\n<\/ul>\n<p>&nbsp;<\/p>\n<p><strong>S\u00e9curit\u00e9 <\/strong><\/p>\n<p>La s\u00e9curit\u00e9 de vos donn\u00e9es personnelles est importante pour nous, nous nous effor\u00e7ons d\u2019utiliser des moyens commercialement acceptables pour les prot\u00e9ger, malgr\u00e9 tout, nous ne pouvons garantir sa s\u00e9curit\u00e9 absolue.<\/p>\n<p><strong>Vos droits dans le cadre du GDPR<\/strong><\/p>\n<p>Si vous r\u00e9sidez dans l\u2019Espace \u00e9conomique europ\u00e9en (EEE), vous avez les droits suivants sur\u00a0 vos donn\u00e9es personnelles:<\/p>\n<p><u>Le droit d\u2019acc\u00e9der, de mettre \u00e0 jour ou de supprimer les informations que nous avons sur vous<\/u><strong>.<\/strong> <br \/>Dans la mesure du possible, vous pouvez acc\u00e9der, mettre \u00e0 jour ou demander la suppression de vos donn\u00e9es personnelles directement dans la section param\u00e8tres de votre compte.<\/p>\n<p><u>Le droit de s\u2019opposer. <\/u><br \/>Vous avez le droit de vous opposer au traitement de vos donn\u00e9es personnelles.<\/p>\n<p><u>Le droit de rectification. <\/u><br \/>Vous avez le droit de faire rectifier vos renseignements si ces renseignements sont inexacts ou incomplets.<\/p>\n<p><u>Le droit de restriction. <\/u><br \/>Vous avez le droit de demander que nous restreignions le traitement de vos renseignements personnels.<\/p>\n<p><u>Le droit \u00e0 la portabilit\u00e9 des donn\u00e9es. <\/u><br \/>Vous avez le droit de vous voir fournir une copie de vos donn\u00e9es personnelles dans un format structur\u00e9, couramment utilis\u00e9, lisible \u00e0 la machine.<\/p>\n<p><u>Le droit de retirer son consentement. <br \/><\/u>Vous avez \u00e9galement le droit de retirer votre consentement \u00e0 tout moment. Le retrait du consentement ne compromet pas la lic\u00e9it\u00e9 du traitement fond\u00e9 sur le consentement effectu\u00e9 avant ce retrait.<\/p>\n<p>Veuillez noter que nous pouvons vous demander de v\u00e9rifier votre identit\u00e9 avant de r\u00e9pondre \u00e0 ces demandes. Les administrateurs de sites Web peuvent \u00e9galement voir et modifier ces informations.<\/p>\n<p>Vous avez le droit de porter plainte aupr\u00e8s d\u2019une autorit\u00e9 de protection des donn\u00e9es au sujet de notre collecte et de l\u2019utilisation de vos donn\u00e9es personnelles. Pour plus d\u2019informations, veuillez contacter votre autorit\u00e9 locale de protection des donn\u00e9es dans l\u2019Espace \u00e9conomique europ\u00e9en (EEE).<\/p>\n<p><strong>Contenu int\u00e9gr\u00e9 \u00e0 partir d\u2019autres sites<\/strong><\/p>\n<p>Les articles sur ce site peuvent inclure du contenu int\u00e9gr\u00e9 (par exemple des vid\u00e9os, des images, des articles, etc.). Le contenu provenant d\u2019autres sites se comporte de la m\u00eame mani\u00e8re que si le visiteur se trouvaient sur cet autre site. Si vous cliquez sur un lien tiers, vous serez dirig\u00e9 vers le site de ce tiers.<\/p>\n<p>Ces sites Web pourraient recueillir des donn\u00e9es vous concernant, utiliser des cookies, int\u00e9grer des outils de suivi tiers, suivre vos interactions avec ces contenus int\u00e9gr\u00e9s si vous avez un compte connect\u00e9 sur leur site Web.\u00a0 Nous n\u2019avons aucun contr\u00f4le et n\u2019assumons aucune responsabilit\u00e9 pour le contenu, les politiques de confidentialit\u00e9 ou les pratiques de sites ou de services tiers.<\/p>\n<p><strong>Modifications apport\u00e9es \u00e0 cette politique de confidentialit\u00e9<\/strong><\/p>\n<p>Il est conseill\u00e9 d\u2019examiner p\u00e9riodiquement cette politique de confidentialit\u00e9 pour tout changement. Les modifications apport\u00e9es \u00e0 cette politique de confidentialit\u00e9 sont effectives d\u00e8s lors qu\u2019elles sont publi\u00e9es sur cette page.<\/p>\n<p><strong>Contact<\/strong><\/p>\n<p>Si vous avez des questions au sujet de cette politique de confidentialit\u00e9, veuillez nous contacter par email \u00e0 l\u2019adresse\u00a0: \u00a0<a href=\"mailto:info@leanculturalconcept.com\">info@leanculturalconcept.com<\/a><\/p>\n<p>[\/et_pb_text][\/et_pb_column][\/et_pb_row][\/et_pb_section]<\/p>\n","protected":false},"excerpt":{"rendered":"<p>Politique de confidentialit\u00e9 \u00a0 Date d\u2019entr\u00e9e en vigueur : 22 mai 2021 Notre adresse web est: http:\/\/leanculturalconcept.com. Le site Lean Cultural Concept (\u00a0\u00ab\u00a0LC\u00b2\u00a0\u00bb\u00a0) vous fournit des informations li\u00e9es \u00e0 la dimensions culturelle du Lean et dans son d\u00e9ploiement (le \u00ab\u00a0Service\u00a0\u00bb\u00a0). Cette politique vous fournit des informations sur la fa\u00e7on dont nous recueillons, utilisons et divulguons [&hellip;]<\/p>\n","protected":false},"author":1,"featured_media":0,"parent":0,"menu_order":0,"comment_status":"closed","ping_status":"closed","template":"","meta":{"_et_pb_use_builder":"on","_et_pb_old_content":"","_et_gb_content_width":"","footnotes":""},"class_list":["post-2845","page","type-page","status-publish","hentry"],"yoast_head":"<!-- This site is optimized with the Yoast SEO plugin v27.3 - https:\/\/yoast.com\/product\/yoast-seo-wordpress\/ -->\n<title>Politique de confidentialit\u00e9 - Lean Cultural Concept<\/title>\n<meta name=\"robots\" content=\"index, follow, max-snippet:-1, max-image-preview:large, max-video-preview:-1\" \/>\n<link rel=\"canonical\" href=\"https:\/\/leanculturalconcept.com\/fr\/politique-de-confidentialite\/\" \/>\n<meta property=\"og:locale\" content=\"fr_FR\" \/>\n<meta property=\"og:type\" content=\"article\" \/>\n<meta property=\"og:title\" content=\"Politique de confidentialit\u00e9 - Lean Cultural Concept\" \/>\n<meta property=\"og:description\" content=\"Politique de confidentialit\u00e9 \u00a0 Date d\u2019entr\u00e9e en vigueur : 22 mai 2021 Notre adresse web est: http:\/\/leanculturalconcept.com. Le site Lean Cultural Concept (\u00a0\u00ab\u00a0LC\u00b2\u00a0\u00bb\u00a0) vous fournit des informations li\u00e9es \u00e0 la dimensions culturelle du Lean et dans son d\u00e9ploiement (le \u00ab\u00a0Service\u00a0\u00bb\u00a0). Cette politique vous fournit des informations sur la fa\u00e7on dont nous recueillons, utilisons et divulguons [&hellip;]\" \/>\n<meta property=\"og:url\" content=\"https:\/\/leanculturalconcept.com\/fr\/politique-de-confidentialite\/\" \/>\n<meta property=\"og:site_name\" content=\"Lean Cultural Concept\" \/>\n<meta property=\"article:modified_time\" content=\"2021-05-28T13:21:42+00:00\" \/>\n<meta name=\"twitter:card\" content=\"summary_large_image\" \/>\n<meta name=\"twitter:label1\" content=\"Dur\u00e9e de lecture estim\u00e9e\" \/>\n\t<meta name=\"twitter:data1\" content=\"10 minutes\" \/>\n<script type=\"application\/ld+json\" class=\"yoast-schema-graph\">{\"@context\":\"https:\\\/\\\/schema.org\",\"@graph\":[{\"@type\":\"WebPage\",\"@id\":\"https:\\\/\\\/leanculturalconcept.com\\\/fr\\\/politique-de-confidentialite\\\/\",\"url\":\"https:\\\/\\\/leanculturalconcept.com\\\/fr\\\/politique-de-confidentialite\\\/\",\"name\":\"Politique de confidentialit\u00e9 - Lean Cultural Concept\",\"isPartOf\":{\"@id\":\"https:\\\/\\\/leanculturalconcept.com\\\/fr\\\/#website\"},\"datePublished\":\"2021-05-27T12:34:03+00:00\",\"dateModified\":\"2021-05-28T13:21:42+00:00\",\"breadcrumb\":{\"@id\":\"https:\\\/\\\/leanculturalconcept.com\\\/fr\\\/politique-de-confidentialite\\\/#breadcrumb\"},\"inLanguage\":\"fr-FR\",\"potentialAction\":[{\"@type\":\"ReadAction\",\"target\":[\"https:\\\/\\\/leanculturalconcept.com\\\/fr\\\/politique-de-confidentialite\\\/\"]}]},{\"@type\":\"BreadcrumbList\",\"@id\":\"https:\\\/\\\/leanculturalconcept.com\\\/fr\\\/politique-de-confidentialite\\\/#breadcrumb\",\"itemListElement\":[{\"@type\":\"ListItem\",\"position\":1,\"name\":\"Home\",\"item\":\"https:\\\/\\\/leanculturalconcept.com\\\/fr\\\/\"},{\"@type\":\"ListItem\",\"position\":2,\"name\":\"Politique de confidentialit\u00e9\"}]},{\"@type\":\"WebSite\",\"@id\":\"https:\\\/\\\/leanculturalconcept.com\\\/fr\\\/#website\",\"url\":\"https:\\\/\\\/leanculturalconcept.com\\\/fr\\\/\",\"name\":\"Lean Cultural Concept\",\"description\":\"Un site utilisant WordPress\",\"publisher\":{\"@id\":\"https:\\\/\\\/leanculturalconcept.com\\\/fr\\\/#organization\"},\"potentialAction\":[{\"@type\":\"SearchAction\",\"target\":{\"@type\":\"EntryPoint\",\"urlTemplate\":\"https:\\\/\\\/leanculturalconcept.com\\\/fr\\\/?s={search_term_string}\"},\"query-input\":{\"@type\":\"PropertyValueSpecification\",\"valueRequired\":true,\"valueName\":\"search_term_string\"}}],\"inLanguage\":\"fr-FR\"},{\"@type\":\"Organization\",\"@id\":\"https:\\\/\\\/leanculturalconcept.com\\\/fr\\\/#organization\",\"name\":\"Lean Cultural Concept\",\"url\":\"https:\\\/\\\/leanculturalconcept.com\\\/fr\\\/\",\"logo\":{\"@type\":\"ImageObject\",\"inLanguage\":\"fr-FR\",\"@id\":\"https:\\\/\\\/leanculturalconcept.com\\\/fr\\\/#\\\/schema\\\/logo\\\/image\\\/\",\"url\":\"http:\\\/\\\/leanculturalconcept.com\\\/wp-content\\\/uploads\\\/2021\\\/06\\\/Logo-Officiel-Lean-Cultural-Concept.png\",\"contentUrl\":\"http:\\\/\\\/leanculturalconcept.com\\\/wp-content\\\/uploads\\\/2021\\\/06\\\/Logo-Officiel-Lean-Cultural-Concept.png\",\"width\":2480,\"height\":2186,\"caption\":\"Lean Cultural Concept\"},\"image\":{\"@id\":\"https:\\\/\\\/leanculturalconcept.com\\\/fr\\\/#\\\/schema\\\/logo\\\/image\\\/\"},\"sameAs\":[\"https:\\\/\\\/www.youtube.com\\\/channel\\\/UCQDtN_-uxlbsO5KNBcMXrdw\"]}]}<\/script>\n<!-- \/ Yoast SEO plugin. -->","yoast_head_json":{"title":"Politique de confidentialit\u00e9 - Lean Cultural Concept","robots":{"index":"index","follow":"follow","max-snippet":"max-snippet:-1","max-image-preview":"max-image-preview:large","max-video-preview":"max-video-preview:-1"},"canonical":"https:\/\/leanculturalconcept.com\/fr\/politique-de-confidentialite\/","og_locale":"fr_FR","og_type":"article","og_title":"Politique de confidentialit\u00e9 - Lean Cultural Concept","og_description":"Politique de confidentialit\u00e9 \u00a0 Date d\u2019entr\u00e9e en vigueur : 22 mai 2021 Notre adresse web est: http:\/\/leanculturalconcept.com. Le site Lean Cultural Concept (\u00a0\u00ab\u00a0LC\u00b2\u00a0\u00bb\u00a0) vous fournit des informations li\u00e9es \u00e0 la dimensions culturelle du Lean et dans son d\u00e9ploiement (le \u00ab\u00a0Service\u00a0\u00bb\u00a0). Cette politique vous fournit des informations sur la fa\u00e7on dont nous recueillons, utilisons et divulguons [&hellip;]","og_url":"https:\/\/leanculturalconcept.com\/fr\/politique-de-confidentialite\/","og_site_name":"Lean Cultural Concept","article_modified_time":"2021-05-28T13:21:42+00:00","twitter_card":"summary_large_image","twitter_misc":{"Dur\u00e9e de lecture estim\u00e9e":"10 minutes"},"schema":{"@context":"https:\/\/schema.org","@graph":[{"@type":"WebPage","@id":"https:\/\/leanculturalconcept.com\/fr\/politique-de-confidentialite\/","url":"https:\/\/leanculturalconcept.com\/fr\/politique-de-confidentialite\/","name":"Politique de confidentialit\u00e9 - Lean Cultural Concept","isPartOf":{"@id":"https:\/\/leanculturalconcept.com\/fr\/#website"},"datePublished":"2021-05-27T12:34:03+00:00","dateModified":"2021-05-28T13:21:42+00:00","breadcrumb":{"@id":"https:\/\/leanculturalconcept.com\/fr\/politique-de-confidentialite\/#breadcrumb"},"inLanguage":"fr-FR","potentialAction":[{"@type":"ReadAction","target":["https:\/\/leanculturalconcept.com\/fr\/politique-de-confidentialite\/"]}]},{"@type":"BreadcrumbList","@id":"https:\/\/leanculturalconcept.com\/fr\/politique-de-confidentialite\/#breadcrumb","itemListElement":[{"@type":"ListItem","position":1,"name":"Home","item":"https:\/\/leanculturalconcept.com\/fr\/"},{"@type":"ListItem","position":2,"name":"Politique de confidentialit\u00e9"}]},{"@type":"WebSite","@id":"https:\/\/leanculturalconcept.com\/fr\/#website","url":"https:\/\/leanculturalconcept.com\/fr\/","name":"Lean Cultural Concept","description":"Un site utilisant WordPress","publisher":{"@id":"https:\/\/leanculturalconcept.com\/fr\/#organization"},"potentialAction":[{"@type":"SearchAction","target":{"@type":"EntryPoint","urlTemplate":"https:\/\/leanculturalconcept.com\/fr\/?s={search_term_string}"},"query-input":{"@type":"PropertyValueSpecification","valueRequired":true,"valueName":"search_term_string"}}],"inLanguage":"fr-FR"},{"@type":"Organization","@id":"https:\/\/leanculturalconcept.com\/fr\/#organization","name":"Lean Cultural Concept","url":"https:\/\/leanculturalconcept.com\/fr\/","logo":{"@type":"ImageObject","inLanguage":"fr-FR","@id":"https:\/\/leanculturalconcept.com\/fr\/#\/schema\/logo\/image\/","url":"http:\/\/leanculturalconcept.com\/wp-content\/uploads\/2021\/06\/Logo-Officiel-Lean-Cultural-Concept.png","contentUrl":"http:\/\/leanculturalconcept.com\/wp-content\/uploads\/2021\/06\/Logo-Officiel-Lean-Cultural-Concept.png","width":2480,"height":2186,"caption":"Lean Cultural Concept"},"image":{"@id":"https:\/\/leanculturalconcept.com\/fr\/#\/schema\/logo\/image\/"},"sameAs":["https:\/\/www.youtube.com\/channel\/UCQDtN_-uxlbsO5KNBcMXrdw"]}]}},"_links":{"self":[{"href":"https:\/\/leanculturalconcept.com\/fr\/wp-json\/wp\/v2\/pages\/2845","targetHints":{"allow":["GET"]}}],"collection":[{"href":"https:\/\/leanculturalconcept.com\/fr\/wp-json\/wp\/v2\/pages"}],"about":[{"href":"https:\/\/leanculturalconcept.com\/fr\/wp-json\/wp\/v2\/types\/page"}],"author":[{"embeddable":true,"href":"https:\/\/leanculturalconcept.com\/fr\/wp-json\/wp\/v2\/users\/1"}],"replies":[{"embeddable":true,"href":"https:\/\/leanculturalconcept.com\/fr\/wp-json\/wp\/v2\/comments?post=2845"}],"version-history":[{"count":5,"href":"https:\/\/leanculturalconcept.com\/fr\/wp-json\/wp\/v2\/pages\/2845\/revisions"}],"predecessor-version":[{"id":2887,"href":"https:\/\/leanculturalconcept.com\/fr\/wp-json\/wp\/v2\/pages\/2845\/revisions\/2887"}],"wp:attachment":[{"href":"https:\/\/leanculturalconcept.com\/fr\/wp-json\/wp\/v2\/media?parent=2845"}],"curies":[{"name":"wp","href":"https:\/\/api.w.org\/{rel}","templated":true}]}}