{"id":2437,"date":"2021-05-19T12:02:16","date_gmt":"2021-05-19T10:02:16","guid":{"rendered":"http:\/\/leanculturalconcept.com\/communaute\/"},"modified":"2021-07-26T17:01:09","modified_gmt":"2021-07-26T15:01:09","slug":"communaute","status":"publish","type":"page","link":"https:\/\/leanculturalconcept.com\/fr\/communaute\/","title":{"rendered":"Communaut\u00e9"},"content":{"rendered":"<p>[et_pb_section fb_built=&#8221;1&#8243; custom_padding_last_edited=&#8221;on|desktop&#8221; admin_label=&#8221;Header&#8221; _builder_version=&#8221;3.22&#8243; background_image=&#8221;http:\/\/leanculturalconcept.com\/wp-content\/uploads\/2021\/03\/language-school-01.png&#8221; background_size=&#8221;contain&#8221; background_position=&#8221;top_right&#8221; custom_padding=&#8221;110px||||false|false&#8221; custom_padding_tablet=&#8221;140px|0px|50px|0px|false|false&#8221; custom_padding_phone=&#8221;120px|||&#8221;][et_pb_row column_structure=&#8221;1_2,1_2&#8243; _builder_version=&#8221;3.25&#8243; max_width=&#8221;1280px&#8221; use_custom_width=&#8221;on&#8221; custom_width_px=&#8221;1280px&#8221;][et_pb_column type=&#8221;1_2&#8243; _builder_version=&#8221;3.25&#8243; custom_padding=&#8221;|||&#8221; custom_padding__hover=&#8221;|||&#8221;][et_pb_text _builder_version=&#8221;4.9.10&#8243; text_font=&#8221;||||||||&#8221; text_font_size=&#8221;18px&#8221; text_line_height=&#8221;2em&#8221; header_font=&#8221;EB Garamond||||||||&#8221; header_font_size=&#8221;60px&#8221; header_line_height=&#8221;1.3em&#8221; max_width=&#8221;600px&#8221; hover_enabled=&#8221;0&#8243; text_font_size_tablet=&#8221;&#8221; text_font_size_phone=&#8221;15px&#8221; text_font_size_last_edited=&#8221;on|phone&#8221; text_line_height_tablet=&#8221;&#8221; text_line_height_phone=&#8221;1.6em&#8221; text_line_height_last_edited=&#8221;on|phone&#8221; header_font_size_tablet=&#8221;50px&#8221; header_font_size_phone=&#8221;32px&#8221; header_font_size_last_edited=&#8221;on|phone&#8221; sticky_enabled=&#8221;0&#8243; link_option_url=&#8221;https:\/\/leanculturalconcept.com\/fr\/communaute\/rejoindre\/&#8221;]<\/p>\n<h1>Rejoignez-nous !<\/h1>\n<p><\/p>\n<p>[\/et_pb_text][\/et_pb_column][et_pb_column type=&#8221;1_2&#8243; _builder_version=&#8221;3.25&#8243; custom_padding=&#8221;|||&#8221; custom_padding__hover=&#8221;|||&#8221;][\/et_pb_column][\/et_pb_row][\/et_pb_section]<\/p>\n","protected":false},"excerpt":{"rendered":"<p>Rejoignez-nous !<\/p>\n","protected":false},"author":1,"featured_media":3112,"parent":0,"menu_order":0,"comment_status":"closed","ping_status":"closed","template":"","meta":{"_et_pb_use_builder":"on","_et_pb_old_content":"","_et_gb_content_width":"","footnotes":""},"class_list":["post-2437","page","type-page","status-publish","has-post-thumbnail","hentry"],"yoast_head":"<!-- This site is optimized with the Yoast SEO plugin v27.3 - https:\/\/yoast.com\/product\/yoast-seo-wordpress\/ -->\n<title>Communaut\u00e9 - Lean Cultural Concept<\/title>\n<meta name=\"description\" content=\"Partage d&#039;informations, de litt\u00e9ratures et d&#039;exp\u00e9riences dans votre d\u00e9marche d&#039;am\u00e9lioration continue \u00e0 travers le monde.\" \/>\n<meta name=\"robots\" content=\"index, follow, max-snippet:-1, max-image-preview:large, max-video-preview:-1\" \/>\n<link rel=\"canonical\" href=\"https:\/\/leanculturalconcept.com\/fr\/communaute\/\" \/>\n<meta property=\"og:locale\" content=\"fr_FR\" \/>\n<meta property=\"og:type\" content=\"article\" \/>\n<meta property=\"og:title\" content=\"Communaut\u00e9 - Lean Cultural Concept\" \/>\n<meta property=\"og:description\" content=\"Partage d&#039;informations, de litt\u00e9ratures et d&#039;exp\u00e9riences dans votre d\u00e9marche d&#039;am\u00e9lioration continue \u00e0 travers le monde.\" \/>\n<meta property=\"og:url\" content=\"https:\/\/leanculturalconcept.com\/fr\/communaute\/\" \/>\n<meta property=\"og:site_name\" content=\"Lean Cultural Concept\" \/>\n<meta property=\"article:modified_time\" content=\"2021-07-26T15:01:09+00:00\" \/>\n<meta property=\"og:image\" content=\"https:\/\/leanculturalconcept.com\/wp-content\/uploads\/2021\/06\/Share.jpg\" \/>\n\t<meta property=\"og:image:width\" content=\"564\" \/>\n\t<meta property=\"og:image:height\" content=\"421\" \/>\n\t<meta property=\"og:image:type\" content=\"image\/jpeg\" \/>\n<meta name=\"twitter:card\" content=\"summary_large_image\" \/>\n<meta name=\"twitter:label1\" content=\"Dur\u00e9e de lecture estim\u00e9e\" \/>\n\t<meta name=\"twitter:data1\" content=\"1 minute\" \/>\n<script type=\"application\/ld+json\" class=\"yoast-schema-graph\">{\"@context\":\"https:\\\/\\\/schema.org\",\"@graph\":[{\"@type\":\"WebPage\",\"@id\":\"https:\\\/\\\/leanculturalconcept.com\\\/fr\\\/communaute\\\/\",\"url\":\"https:\\\/\\\/leanculturalconcept.com\\\/fr\\\/communaute\\\/\",\"name\":\"Communaut\u00e9 - Lean Cultural Concept\",\"isPartOf\":{\"@id\":\"https:\\\/\\\/leanculturalconcept.com\\\/fr\\\/#website\"},\"primaryImageOfPage\":{\"@id\":\"https:\\\/\\\/leanculturalconcept.com\\\/fr\\\/communaute\\\/#primaryimage\"},\"image\":{\"@id\":\"https:\\\/\\\/leanculturalconcept.com\\\/fr\\\/communaute\\\/#primaryimage\"},\"thumbnailUrl\":\"https:\\\/\\\/leanculturalconcept.com\\\/wp-content\\\/uploads\\\/2021\\\/06\\\/Share.jpg\",\"datePublished\":\"2021-05-19T10:02:16+00:00\",\"dateModified\":\"2021-07-26T15:01:09+00:00\",\"description\":\"Partage d'informations, de litt\u00e9ratures et d'exp\u00e9riences dans votre d\u00e9marche d'am\u00e9lioration continue \u00e0 travers le monde.\",\"breadcrumb\":{\"@id\":\"https:\\\/\\\/leanculturalconcept.com\\\/fr\\\/communaute\\\/#breadcrumb\"},\"inLanguage\":\"fr-FR\",\"potentialAction\":[{\"@type\":\"ReadAction\",\"target\":[\"https:\\\/\\\/leanculturalconcept.com\\\/fr\\\/communaute\\\/\"]}]},{\"@type\":\"ImageObject\",\"inLanguage\":\"fr-FR\",\"@id\":\"https:\\\/\\\/leanculturalconcept.com\\\/fr\\\/communaute\\\/#primaryimage\",\"url\":\"https:\\\/\\\/leanculturalconcept.com\\\/wp-content\\\/uploads\\\/2021\\\/06\\\/Share.jpg\",\"contentUrl\":\"https:\\\/\\\/leanculturalconcept.com\\\/wp-content\\\/uploads\\\/2021\\\/06\\\/Share.jpg\",\"width\":564,\"height\":421},{\"@type\":\"BreadcrumbList\",\"@id\":\"https:\\\/\\\/leanculturalconcept.com\\\/fr\\\/communaute\\\/#breadcrumb\",\"itemListElement\":[{\"@type\":\"ListItem\",\"position\":1,\"name\":\"Home\",\"item\":\"https:\\\/\\\/leanculturalconcept.com\\\/fr\\\/\"},{\"@type\":\"ListItem\",\"position\":2,\"name\":\"Communaut\u00e9\"}]},{\"@type\":\"WebSite\",\"@id\":\"https:\\\/\\\/leanculturalconcept.com\\\/fr\\\/#website\",\"url\":\"https:\\\/\\\/leanculturalconcept.com\\\/fr\\\/\",\"name\":\"Lean Cultural Concept\",\"description\":\"Un site utilisant WordPress\",\"publisher\":{\"@id\":\"https:\\\/\\\/leanculturalconcept.com\\\/fr\\\/#organization\"},\"potentialAction\":[{\"@type\":\"SearchAction\",\"target\":{\"@type\":\"EntryPoint\",\"urlTemplate\":\"https:\\\/\\\/leanculturalconcept.com\\\/fr\\\/?s={search_term_string}\"},\"query-input\":{\"@type\":\"PropertyValueSpecification\",\"valueRequired\":true,\"valueName\":\"search_term_string\"}}],\"inLanguage\":\"fr-FR\"},{\"@type\":\"Organization\",\"@id\":\"https:\\\/\\\/leanculturalconcept.com\\\/fr\\\/#organization\",\"name\":\"Lean Cultural Concept\",\"url\":\"https:\\\/\\\/leanculturalconcept.com\\\/fr\\\/\",\"logo\":{\"@type\":\"ImageObject\",\"inLanguage\":\"fr-FR\",\"@id\":\"https:\\\/\\\/leanculturalconcept.com\\\/fr\\\/#\\\/schema\\\/logo\\\/image\\\/\",\"url\":\"http:\\\/\\\/leanculturalconcept.com\\\/wp-content\\\/uploads\\\/2021\\\/06\\\/Logo-Officiel-Lean-Cultural-Concept.png\",\"contentUrl\":\"http:\\\/\\\/leanculturalconcept.com\\\/wp-content\\\/uploads\\\/2021\\\/06\\\/Logo-Officiel-Lean-Cultural-Concept.png\",\"width\":2480,\"height\":2186,\"caption\":\"Lean Cultural Concept\"},\"image\":{\"@id\":\"https:\\\/\\\/leanculturalconcept.com\\\/fr\\\/#\\\/schema\\\/logo\\\/image\\\/\"},\"sameAs\":[\"https:\\\/\\\/www.youtube.com\\\/channel\\\/UCQDtN_-uxlbsO5KNBcMXrdw\"]}]}<\/script>\n<!-- \/ Yoast SEO plugin. -->","yoast_head_json":{"title":"Communaut\u00e9 - Lean Cultural Concept","description":"Partage d'informations, de litt\u00e9ratures et d'exp\u00e9riences dans votre d\u00e9marche d'am\u00e9lioration continue \u00e0 travers le monde.","robots":{"index":"index","follow":"follow","max-snippet":"max-snippet:-1","max-image-preview":"max-image-preview:large","max-video-preview":"max-video-preview:-1"},"canonical":"https:\/\/leanculturalconcept.com\/fr\/communaute\/","og_locale":"fr_FR","og_type":"article","og_title":"Communaut\u00e9 - Lean Cultural Concept","og_description":"Partage d'informations, de litt\u00e9ratures et d'exp\u00e9riences dans votre d\u00e9marche d'am\u00e9lioration continue \u00e0 travers le monde.","og_url":"https:\/\/leanculturalconcept.com\/fr\/communaute\/","og_site_name":"Lean Cultural Concept","article_modified_time":"2021-07-26T15:01:09+00:00","og_image":[{"width":564,"height":421,"url":"https:\/\/leanculturalconcept.com\/wp-content\/uploads\/2021\/06\/Share.jpg","type":"image\/jpeg"}],"twitter_card":"summary_large_image","twitter_misc":{"Dur\u00e9e de lecture estim\u00e9e":"1 minute"},"schema":{"@context":"https:\/\/schema.org","@graph":[{"@type":"WebPage","@id":"https:\/\/leanculturalconcept.com\/fr\/communaute\/","url":"https:\/\/leanculturalconcept.com\/fr\/communaute\/","name":"Communaut\u00e9 - Lean Cultural Concept","isPartOf":{"@id":"https:\/\/leanculturalconcept.com\/fr\/#website"},"primaryImageOfPage":{"@id":"https:\/\/leanculturalconcept.com\/fr\/communaute\/#primaryimage"},"image":{"@id":"https:\/\/leanculturalconcept.com\/fr\/communaute\/#primaryimage"},"thumbnailUrl":"https:\/\/leanculturalconcept.com\/wp-content\/uploads\/2021\/06\/Share.jpg","datePublished":"2021-05-19T10:02:16+00:00","dateModified":"2021-07-26T15:01:09+00:00","description":"Partage d'informations, de litt\u00e9ratures et d'exp\u00e9riences dans votre d\u00e9marche d'am\u00e9lioration continue \u00e0 travers le monde.","breadcrumb":{"@id":"https:\/\/leanculturalconcept.com\/fr\/communaute\/#breadcrumb"},"inLanguage":"fr-FR","potentialAction":[{"@type":"ReadAction","target":["https:\/\/leanculturalconcept.com\/fr\/communaute\/"]}]},{"@type":"ImageObject","inLanguage":"fr-FR","@id":"https:\/\/leanculturalconcept.com\/fr\/communaute\/#primaryimage","url":"https:\/\/leanculturalconcept.com\/wp-content\/uploads\/2021\/06\/Share.jpg","contentUrl":"https:\/\/leanculturalconcept.com\/wp-content\/uploads\/2021\/06\/Share.jpg","width":564,"height":421},{"@type":"BreadcrumbList","@id":"https:\/\/leanculturalconcept.com\/fr\/communaute\/#breadcrumb","itemListElement":[{"@type":"ListItem","position":1,"name":"Home","item":"https:\/\/leanculturalconcept.com\/fr\/"},{"@type":"ListItem","position":2,"name":"Communaut\u00e9"}]},{"@type":"WebSite","@id":"https:\/\/leanculturalconcept.com\/fr\/#website","url":"https:\/\/leanculturalconcept.com\/fr\/","name":"Lean Cultural Concept","description":"Un site utilisant WordPress","publisher":{"@id":"https:\/\/leanculturalconcept.com\/fr\/#organization"},"potentialAction":[{"@type":"SearchAction","target":{"@type":"EntryPoint","urlTemplate":"https:\/\/leanculturalconcept.com\/fr\/?s={search_term_string}"},"query-input":{"@type":"PropertyValueSpecification","valueRequired":true,"valueName":"search_term_string"}}],"inLanguage":"fr-FR"},{"@type":"Organization","@id":"https:\/\/leanculturalconcept.com\/fr\/#organization","name":"Lean Cultural Concept","url":"https:\/\/leanculturalconcept.com\/fr\/","logo":{"@type":"ImageObject","inLanguage":"fr-FR","@id":"https:\/\/leanculturalconcept.com\/fr\/#\/schema\/logo\/image\/","url":"http:\/\/leanculturalconcept.com\/wp-content\/uploads\/2021\/06\/Logo-Officiel-Lean-Cultural-Concept.png","contentUrl":"http:\/\/leanculturalconcept.com\/wp-content\/uploads\/2021\/06\/Logo-Officiel-Lean-Cultural-Concept.png","width":2480,"height":2186,"caption":"Lean Cultural Concept"},"image":{"@id":"https:\/\/leanculturalconcept.com\/fr\/#\/schema\/logo\/image\/"},"sameAs":["https:\/\/www.youtube.com\/channel\/UCQDtN_-uxlbsO5KNBcMXrdw"]}]}},"_links":{"self":[{"href":"https:\/\/leanculturalconcept.com\/fr\/wp-json\/wp\/v2\/pages\/2437","targetHints":{"allow":["GET"]}}],"collection":[{"href":"https:\/\/leanculturalconcept.com\/fr\/wp-json\/wp\/v2\/pages"}],"about":[{"href":"https:\/\/leanculturalconcept.com\/fr\/wp-json\/wp\/v2\/types\/page"}],"author":[{"embeddable":true,"href":"https:\/\/leanculturalconcept.com\/fr\/wp-json\/wp\/v2\/users\/1"}],"replies":[{"embeddable":true,"href":"https:\/\/leanculturalconcept.com\/fr\/wp-json\/wp\/v2\/comments?post=2437"}],"version-history":[{"count":8,"href":"https:\/\/leanculturalconcept.com\/fr\/wp-json\/wp\/v2\/pages\/2437\/revisions"}],"predecessor-version":[{"id":3542,"href":"https:\/\/leanculturalconcept.com\/fr\/wp-json\/wp\/v2\/pages\/2437\/revisions\/3542"}],"wp:featuredmedia":[{"embeddable":true,"href":"https:\/\/leanculturalconcept.com\/fr\/wp-json\/wp\/v2\/media\/3112"}],"wp:attachment":[{"href":"https:\/\/leanculturalconcept.com\/fr\/wp-json\/wp\/v2\/media?parent=2437"}],"curies":[{"name":"wp","href":"https:\/\/api.w.org\/{rel}","templated":true}]}}