{"id":1832,"date":"2021-05-11T09:36:28","date_gmt":"2021-05-11T07:36:28","guid":{"rendered":"http:\/\/leanculturalconcept.com\/articles\/"},"modified":"2022-07-10T11:56:56","modified_gmt":"2022-07-10T09:56:56","slug":"articles","status":"publish","type":"page","link":"https:\/\/leanculturalconcept.com\/fr\/communaute\/articles\/","title":{"rendered":"Blog"},"content":{"rendered":"<p>[et_pb_section fb_built=&#8221;1&#8243; admin_label=&#8221;Hero Section&#8221; _builder_version=&#8221;4.16&#8243; use_background_color_gradient=&#8221;on&#8221; background_color_gradient_direction=&#8221;105deg&#8221; background_color_gradient_stops=&#8221;#1bb3eb 0%|#25efcb 100%&#8221; background_color_gradient_start=&#8221;#1bb3eb&#8221; background_color_gradient_end=&#8221;#25efcb&#8221; background_image=&#8221;http:\/\/leanculturalconcept.com\/wp-content\/uploads\/2021\/04\/language-school-illustration-12.png&#8221; custom_padding=&#8221;60px|0px|60px|0px&#8221; global_colors_info=&#8221;{}&#8221;][\/et_pb_section][et_pb_section fb_built=&#8221;1&#8243; admin_label=&#8221;Blog Section&#8221; _builder_version=&#8221;4.16&#8243; background_color=&#8221;#fafbfc&#8221; custom_padding=&#8221;0px|0px|2px|0px||&#8221; global_colors_info=&#8221;{}&#8221;][et_pb_row make_equal=&#8221;on&#8221; _builder_version=&#8221;4.16&#8243; global_colors_info=&#8221;{}&#8221; column_structure=&#8221;3_4,1_4&#8243;][et_pb_column type=&#8221;3_4&#8243; _builder_version=&#8221;4.16&#8243; custom_padding=&#8221;|||&#8221; global_colors_info=&#8221;{}&#8221; custom_padding__hover=&#8221;|||&#8221;][et_pb_blog fullwidth=&#8221;off&#8221; posts_number=&#8221;9&#8243; include_categories=&#8221;all&#8221; excerpt_length=&#8221;260&#8243; show_author=&#8221;off&#8221; show_date=&#8221;off&#8221; show_categories=&#8221;off&#8221; module_id=&#8221;#Developing ICS &#8221; module_class=&#8221;et_blog_grid_equal_height&#8221; _builder_version=&#8221;4.16&#8243; header_font=&#8221;Poppins|500|||||||&#8221; header_text_color=&#8221;#486066&#8243; header_line_height=&#8221;1.3em&#8221; body_font=&#8221;Open Sans||||||||&#8221; body_text_color=&#8221;#486066&#8243; body_font_size=&#8221;15px&#8221; body_line_height=&#8221;1.8em&#8221; meta_font=&#8221;Poppins|||on|||||&#8221; meta_text_color=&#8221;rgba(0,0,0,0.21)&#8221; meta_line_height=&#8221;1.8em&#8221; pagination_font=&#8221;Poppins|500||on|||||&#8221; pagination_text_color=&#8221;#44d89e&#8221; pagination_letter_spacing=&#8221;1px&#8221; animation_style=&#8221;fade&#8221; border_radii=&#8221;on|6px|6px|6px|6px&#8221; border_width_all=&#8221;0px&#8221; box_shadow_style=&#8221;preset1&#8243; box_shadow_vertical=&#8221;10px&#8221; box_shadow_blur=&#8221;24px&#8221; box_shadow_spread=&#8221;6px&#8221; box_shadow_color=&#8221;rgba(0,0,0,0.06)&#8221; global_colors_info=&#8221;{}&#8221;][\/et_pb_blog][\/et_pb_column][et_pb_column type=&#8221;1_4&#8243; _builder_version=&#8221;4.16&#8243; custom_padding=&#8221;|||&#8221; global_colors_info=&#8221;{}&#8221; custom_padding__hover=&#8221;|||&#8221;][et_pb_sidebar _builder_version=&#8221;4.17.4&#8243; _module_preset=&#8221;default&#8221; hover_enabled=&#8221;0&#8243; sticky_enabled=&#8221;0&#8243; custom_padding=&#8221;|3px||0px||&#8221;][\/et_pb_sidebar][\/et_pb_column][\/et_pb_row][\/et_pb_section][et_pb_section fb_built=&#8221;1&#8243; admin_label=&#8221;Join Now Call to Action&#8221; _builder_version=&#8221;4.16&#8243; use_background_color_gradient=&#8221;on&#8221; background_color_gradient_type=&#8221;circular&#8221; background_color_gradient_stops=&#8221;#1bb3eb 0%|#c7e1ea 100%&#8221; background_color_gradient_start=&#8221;#1bb3eb&#8221; background_color_gradient_end=&#8221;#c7e1ea&#8221; custom_margin=&#8221;|||&#8221; custom_padding=&#8221;0px|0px|0px|0px||&#8221; global_colors_info=&#8221;{}&#8221;][et_pb_row _builder_version=&#8221;4.16&#8243; global_colors_info=&#8221;{}&#8221;][et_pb_column type=&#8221;4_4&#8243; _builder_version=&#8221;4.16&#8243; custom_padding=&#8221;|||&#8221; global_colors_info=&#8221;{}&#8221; custom_padding__hover=&#8221;|||&#8221;][et_pb_text _builder_version=&#8221;4.16&#8243; text_font=&#8221;Poppins||||||||&#8221; text_text_color=&#8221;rgba(255,255,255,0.8)&#8221; text_font_size=&#8221;18px&#8221; text_line_height=&#8221;1.8em&#8221; header_font=&#8221;||||||||&#8221; header_text_color=&#8221;#ffffff&#8221; header_font_size=&#8221;24px&#8221; header_3_font=&#8221;Poppins|600|||||||&#8221; header_3_font_size=&#8221;36px&#8221; header_3_line_height=&#8221;1.4em&#8221; background_layout=&#8221;dark&#8221; custom_margin=&#8221;|||&#8221; global_colors_info=&#8221;{}&#8221;]<\/p>\n<h3>D&#8217;autres articles \u00e0 venir!<\/h3>\n<p>[\/et_pb_text][\/et_pb_column][\/et_pb_row][\/et_pb_section]<\/p>\n","protected":false},"excerpt":{"rendered":"<p>D&#8217;autres articles \u00e0 venir!<\/p>\n","protected":false},"author":1,"featured_media":2977,"parent":2437,"menu_order":0,"comment_status":"closed","ping_status":"closed","template":"","meta":{"_et_pb_use_builder":"on","_et_pb_old_content":"","_et_gb_content_width":"","footnotes":""},"class_list":["post-1832","page","type-page","status-publish","has-post-thumbnail","hentry"],"yoast_head":"<!-- This site is optimized with the Yoast SEO plugin v27.3 - https:\/\/yoast.com\/product\/yoast-seo-wordpress\/ -->\n<title>Blog - Lean Cultural Concept<\/title>\n<meta name=\"description\" content=\"D\u00e9couvrez des conseils pratiques et des histoires inspirantes sur le d\u00e9ploiement lean \u00e0 travers les cultures et les industries.\" \/>\n<meta name=\"robots\" content=\"index, follow, max-snippet:-1, max-image-preview:large, max-video-preview:-1\" \/>\n<link rel=\"canonical\" href=\"https:\/\/leanculturalconcept.com\/fr\/communaute\/articles\/\" \/>\n<meta property=\"og:locale\" content=\"fr_FR\" \/>\n<meta property=\"og:type\" content=\"article\" \/>\n<meta property=\"og:title\" content=\"Blog - Lean Cultural Concept\" \/>\n<meta property=\"og:description\" content=\"D\u00e9couvrez des conseils pratiques et des histoires inspirantes sur le d\u00e9ploiement lean \u00e0 travers les cultures et les industries.\" \/>\n<meta property=\"og:url\" content=\"https:\/\/leanculturalconcept.com\/fr\/communaute\/articles\/\" \/>\n<meta property=\"og:site_name\" content=\"Lean Cultural Concept\" \/>\n<meta property=\"article:modified_time\" content=\"2022-07-10T09:56:56+00:00\" \/>\n<meta property=\"og:image\" content=\"https:\/\/leanculturalconcept.com\/wp-content\/uploads\/2021\/06\/marc-schulte-a2g3LM0cGFg-unsplash-scaled.jpg\" \/>\n\t<meta property=\"og:image:width\" content=\"2560\" \/>\n\t<meta property=\"og:image:height\" content=\"1707\" \/>\n\t<meta property=\"og:image:type\" content=\"image\/jpeg\" \/>\n<meta name=\"twitter:card\" content=\"summary_large_image\" \/>\n<meta name=\"twitter:label1\" content=\"Dur\u00e9e de lecture estim\u00e9e\" \/>\n\t<meta name=\"twitter:data1\" content=\"1 minute\" \/>\n<script type=\"application\/ld+json\" class=\"yoast-schema-graph\">{\"@context\":\"https:\\\/\\\/schema.org\",\"@graph\":[{\"@type\":\"WebPage\",\"@id\":\"https:\\\/\\\/leanculturalconcept.com\\\/fr\\\/communaute\\\/articles\\\/\",\"url\":\"https:\\\/\\\/leanculturalconcept.com\\\/fr\\\/communaute\\\/articles\\\/\",\"name\":\"Blog - Lean Cultural Concept\",\"isPartOf\":{\"@id\":\"https:\\\/\\\/leanculturalconcept.com\\\/fr\\\/#website\"},\"primaryImageOfPage\":{\"@id\":\"https:\\\/\\\/leanculturalconcept.com\\\/fr\\\/communaute\\\/articles\\\/#primaryimage\"},\"image\":{\"@id\":\"https:\\\/\\\/leanculturalconcept.com\\\/fr\\\/communaute\\\/articles\\\/#primaryimage\"},\"thumbnailUrl\":\"https:\\\/\\\/leanculturalconcept.com\\\/wp-content\\\/uploads\\\/2021\\\/06\\\/marc-schulte-a2g3LM0cGFg-unsplash-scaled.jpg\",\"datePublished\":\"2021-05-11T07:36:28+00:00\",\"dateModified\":\"2022-07-10T09:56:56+00:00\",\"description\":\"D\u00e9couvrez des conseils pratiques et des histoires inspirantes sur le d\u00e9ploiement lean \u00e0 travers les cultures et les industries.\",\"breadcrumb\":{\"@id\":\"https:\\\/\\\/leanculturalconcept.com\\\/fr\\\/communaute\\\/articles\\\/#breadcrumb\"},\"inLanguage\":\"fr-FR\",\"potentialAction\":[{\"@type\":\"ReadAction\",\"target\":[\"https:\\\/\\\/leanculturalconcept.com\\\/fr\\\/communaute\\\/articles\\\/\"]}]},{\"@type\":\"ImageObject\",\"inLanguage\":\"fr-FR\",\"@id\":\"https:\\\/\\\/leanculturalconcept.com\\\/fr\\\/communaute\\\/articles\\\/#primaryimage\",\"url\":\"https:\\\/\\\/leanculturalconcept.com\\\/wp-content\\\/uploads\\\/2021\\\/06\\\/marc-schulte-a2g3LM0cGFg-unsplash-scaled.jpg\",\"contentUrl\":\"https:\\\/\\\/leanculturalconcept.com\\\/wp-content\\\/uploads\\\/2021\\\/06\\\/marc-schulte-a2g3LM0cGFg-unsplash-scaled.jpg\",\"width\":2560,\"height\":1707},{\"@type\":\"BreadcrumbList\",\"@id\":\"https:\\\/\\\/leanculturalconcept.com\\\/fr\\\/communaute\\\/articles\\\/#breadcrumb\",\"itemListElement\":[{\"@type\":\"ListItem\",\"position\":1,\"name\":\"Home\",\"item\":\"https:\\\/\\\/leanculturalconcept.com\\\/fr\\\/\"},{\"@type\":\"ListItem\",\"position\":2,\"name\":\"Communaut\u00e9\",\"item\":\"https:\\\/\\\/leanculturalconcept.com\\\/fr\\\/community\\\/\"},{\"@type\":\"ListItem\",\"position\":3,\"name\":\"Blog\"}]},{\"@type\":\"WebSite\",\"@id\":\"https:\\\/\\\/leanculturalconcept.com\\\/fr\\\/#website\",\"url\":\"https:\\\/\\\/leanculturalconcept.com\\\/fr\\\/\",\"name\":\"Lean Cultural Concept\",\"description\":\"Un site utilisant WordPress\",\"publisher\":{\"@id\":\"https:\\\/\\\/leanculturalconcept.com\\\/fr\\\/#organization\"},\"potentialAction\":[{\"@type\":\"SearchAction\",\"target\":{\"@type\":\"EntryPoint\",\"urlTemplate\":\"https:\\\/\\\/leanculturalconcept.com\\\/fr\\\/?s={search_term_string}\"},\"query-input\":{\"@type\":\"PropertyValueSpecification\",\"valueRequired\":true,\"valueName\":\"search_term_string\"}}],\"inLanguage\":\"fr-FR\"},{\"@type\":\"Organization\",\"@id\":\"https:\\\/\\\/leanculturalconcept.com\\\/fr\\\/#organization\",\"name\":\"Lean Cultural Concept\",\"url\":\"https:\\\/\\\/leanculturalconcept.com\\\/fr\\\/\",\"logo\":{\"@type\":\"ImageObject\",\"inLanguage\":\"fr-FR\",\"@id\":\"https:\\\/\\\/leanculturalconcept.com\\\/fr\\\/#\\\/schema\\\/logo\\\/image\\\/\",\"url\":\"http:\\\/\\\/leanculturalconcept.com\\\/wp-content\\\/uploads\\\/2021\\\/06\\\/Logo-Officiel-Lean-Cultural-Concept.png\",\"contentUrl\":\"http:\\\/\\\/leanculturalconcept.com\\\/wp-content\\\/uploads\\\/2021\\\/06\\\/Logo-Officiel-Lean-Cultural-Concept.png\",\"width\":2480,\"height\":2186,\"caption\":\"Lean Cultural Concept\"},\"image\":{\"@id\":\"https:\\\/\\\/leanculturalconcept.com\\\/fr\\\/#\\\/schema\\\/logo\\\/image\\\/\"},\"sameAs\":[\"https:\\\/\\\/www.youtube.com\\\/channel\\\/UCQDtN_-uxlbsO5KNBcMXrdw\"]}]}<\/script>\n<!-- \/ Yoast SEO plugin. -->","yoast_head_json":{"title":"Blog - Lean Cultural Concept","description":"D\u00e9couvrez des conseils pratiques et des histoires inspirantes sur le d\u00e9ploiement lean \u00e0 travers les cultures et les industries.","robots":{"index":"index","follow":"follow","max-snippet":"max-snippet:-1","max-image-preview":"max-image-preview:large","max-video-preview":"max-video-preview:-1"},"canonical":"https:\/\/leanculturalconcept.com\/fr\/communaute\/articles\/","og_locale":"fr_FR","og_type":"article","og_title":"Blog - Lean Cultural Concept","og_description":"D\u00e9couvrez des conseils pratiques et des histoires inspirantes sur le d\u00e9ploiement lean \u00e0 travers les cultures et les industries.","og_url":"https:\/\/leanculturalconcept.com\/fr\/communaute\/articles\/","og_site_name":"Lean Cultural Concept","article_modified_time":"2022-07-10T09:56:56+00:00","og_image":[{"width":2560,"height":1707,"url":"https:\/\/leanculturalconcept.com\/wp-content\/uploads\/2021\/06\/marc-schulte-a2g3LM0cGFg-unsplash-scaled.jpg","type":"image\/jpeg"}],"twitter_card":"summary_large_image","twitter_misc":{"Dur\u00e9e de lecture estim\u00e9e":"1 minute"},"schema":{"@context":"https:\/\/schema.org","@graph":[{"@type":"WebPage","@id":"https:\/\/leanculturalconcept.com\/fr\/communaute\/articles\/","url":"https:\/\/leanculturalconcept.com\/fr\/communaute\/articles\/","name":"Blog - Lean Cultural Concept","isPartOf":{"@id":"https:\/\/leanculturalconcept.com\/fr\/#website"},"primaryImageOfPage":{"@id":"https:\/\/leanculturalconcept.com\/fr\/communaute\/articles\/#primaryimage"},"image":{"@id":"https:\/\/leanculturalconcept.com\/fr\/communaute\/articles\/#primaryimage"},"thumbnailUrl":"https:\/\/leanculturalconcept.com\/wp-content\/uploads\/2021\/06\/marc-schulte-a2g3LM0cGFg-unsplash-scaled.jpg","datePublished":"2021-05-11T07:36:28+00:00","dateModified":"2022-07-10T09:56:56+00:00","description":"D\u00e9couvrez des conseils pratiques et des histoires inspirantes sur le d\u00e9ploiement lean \u00e0 travers les cultures et les industries.","breadcrumb":{"@id":"https:\/\/leanculturalconcept.com\/fr\/communaute\/articles\/#breadcrumb"},"inLanguage":"fr-FR","potentialAction":[{"@type":"ReadAction","target":["https:\/\/leanculturalconcept.com\/fr\/communaute\/articles\/"]}]},{"@type":"ImageObject","inLanguage":"fr-FR","@id":"https:\/\/leanculturalconcept.com\/fr\/communaute\/articles\/#primaryimage","url":"https:\/\/leanculturalconcept.com\/wp-content\/uploads\/2021\/06\/marc-schulte-a2g3LM0cGFg-unsplash-scaled.jpg","contentUrl":"https:\/\/leanculturalconcept.com\/wp-content\/uploads\/2021\/06\/marc-schulte-a2g3LM0cGFg-unsplash-scaled.jpg","width":2560,"height":1707},{"@type":"BreadcrumbList","@id":"https:\/\/leanculturalconcept.com\/fr\/communaute\/articles\/#breadcrumb","itemListElement":[{"@type":"ListItem","position":1,"name":"Home","item":"https:\/\/leanculturalconcept.com\/fr\/"},{"@type":"ListItem","position":2,"name":"Communaut\u00e9","item":"https:\/\/leanculturalconcept.com\/fr\/community\/"},{"@type":"ListItem","position":3,"name":"Blog"}]},{"@type":"WebSite","@id":"https:\/\/leanculturalconcept.com\/fr\/#website","url":"https:\/\/leanculturalconcept.com\/fr\/","name":"Lean Cultural Concept","description":"Un site utilisant WordPress","publisher":{"@id":"https:\/\/leanculturalconcept.com\/fr\/#organization"},"potentialAction":[{"@type":"SearchAction","target":{"@type":"EntryPoint","urlTemplate":"https:\/\/leanculturalconcept.com\/fr\/?s={search_term_string}"},"query-input":{"@type":"PropertyValueSpecification","valueRequired":true,"valueName":"search_term_string"}}],"inLanguage":"fr-FR"},{"@type":"Organization","@id":"https:\/\/leanculturalconcept.com\/fr\/#organization","name":"Lean Cultural Concept","url":"https:\/\/leanculturalconcept.com\/fr\/","logo":{"@type":"ImageObject","inLanguage":"fr-FR","@id":"https:\/\/leanculturalconcept.com\/fr\/#\/schema\/logo\/image\/","url":"http:\/\/leanculturalconcept.com\/wp-content\/uploads\/2021\/06\/Logo-Officiel-Lean-Cultural-Concept.png","contentUrl":"http:\/\/leanculturalconcept.com\/wp-content\/uploads\/2021\/06\/Logo-Officiel-Lean-Cultural-Concept.png","width":2480,"height":2186,"caption":"Lean Cultural Concept"},"image":{"@id":"https:\/\/leanculturalconcept.com\/fr\/#\/schema\/logo\/image\/"},"sameAs":["https:\/\/www.youtube.com\/channel\/UCQDtN_-uxlbsO5KNBcMXrdw"]}]}},"_links":{"self":[{"href":"https:\/\/leanculturalconcept.com\/fr\/wp-json\/wp\/v2\/pages\/1832","targetHints":{"allow":["GET"]}}],"collection":[{"href":"https:\/\/leanculturalconcept.com\/fr\/wp-json\/wp\/v2\/pages"}],"about":[{"href":"https:\/\/leanculturalconcept.com\/fr\/wp-json\/wp\/v2\/types\/page"}],"author":[{"embeddable":true,"href":"https:\/\/leanculturalconcept.com\/fr\/wp-json\/wp\/v2\/users\/1"}],"replies":[{"embeddable":true,"href":"https:\/\/leanculturalconcept.com\/fr\/wp-json\/wp\/v2\/comments?post=1832"}],"version-history":[{"count":21,"href":"https:\/\/leanculturalconcept.com\/fr\/wp-json\/wp\/v2\/pages\/1832\/revisions"}],"predecessor-version":[{"id":3857,"href":"https:\/\/leanculturalconcept.com\/fr\/wp-json\/wp\/v2\/pages\/1832\/revisions\/3857"}],"up":[{"embeddable":true,"href":"https:\/\/leanculturalconcept.com\/fr\/wp-json\/wp\/v2\/pages\/2437"}],"wp:featuredmedia":[{"embeddable":true,"href":"https:\/\/leanculturalconcept.com\/fr\/wp-json\/wp\/v2\/media\/2977"}],"wp:attachment":[{"href":"https:\/\/leanculturalconcept.com\/fr\/wp-json\/wp\/v2\/media?parent=1832"}],"curies":[{"name":"wp","href":"https:\/\/api.w.org\/{rel}","templated":true}]}}